{"id":8054,"date":"2026-04-22T06:53:58","date_gmt":"2026-04-22T05:53:58","guid":{"rendered":"https:\/\/www.haut-vallespir.fr\/?page_id=8054"},"modified":"2026-04-22T06:54:46","modified_gmt":"2026-04-22T05:54:46","slug":"programme-local-de-prevention-des-dechets-menagers-et-assimiles","status":"publish","type":"page","link":"https:\/\/www.haut-vallespir.fr\/?page_id=8054","title":{"rendered":"Programme Local de Pr\u00e9vention des D\u00e9chets M\u00e9nagers et Assimil\u00e9s"},"content":{"rendered":"<h3 style=\"line-height: 121%;\">Actions de pr\u00e9vention PLPDMA 2021-2027<\/h3>\n<p>T\u00e9l\u00e9charger le Programme Local de Pr\u00e9vention des D\u00e9chets M\u00e9nagers et Assimil\u00e9s\u00a0 (PLPDMA) :<\/p>\n<div class=\"sdm_download_item \"><div class=\"sdm_download_item_top\"><div class=\"sdm_download_thumbnail\"><\/div><div class=\"sdm_download_title\">PLPDMA<\/div><\/div><div style=\"clear:both;\"><\/div><div class=\"sdm_download_description\"><\/div><div class=\"sdm_download_link\"><span class=\"sdm_download_button\"><a href=\"https:\/\/www.haut-vallespir.fr\/?sdm_process_download=1&download_id=8057\" class=\"sdm_download green\" title=\"PLPDMA\" target=\"_self\">T\u00e9l\u00e9charger<\/a><\/span><span class=\"sdm_download_item_count\"><span class=\"sdm_item_count_number\">2<\/span><span class=\"sdm_item_count_string\"> T\u00e9l\u00e9chargements<\/span><\/span><\/div><\/div><div class=\"sdm_clear_float\"><\/div>\n","protected":false},"excerpt":{"rendered":"<p>Actions de pr\u00e9vention PLPDMA 2021-2027 T\u00e9l\u00e9charger le Programme Local de Pr\u00e9vention des D\u00e9chets M\u00e9nagers et Assimil\u00e9s\u00a0 (PLPDMA) :<\/p>\n","protected":false},"author":4,"featured_media":0,"parent":0,"menu_order":0,"comment_status":"closed","ping_status":"closed","template":"","meta":{"footnotes":""},"_links":{"self":[{"href":"https:\/\/www.haut-vallespir.fr\/index.php?rest_route=\/wp\/v2\/pages\/8054"}],"collection":[{"href":"https:\/\/www.haut-vallespir.fr\/index.php?rest_route=\/wp\/v2\/pages"}],"about":[{"href":"https:\/\/www.haut-vallespir.fr\/index.php?rest_route=\/wp\/v2\/types\/page"}],"author":[{"embeddable":true,"href":"https:\/\/www.haut-vallespir.fr\/index.php?rest_route=\/wp\/v2\/users\/4"}],"replies":[{"embeddable":true,"href":"https:\/\/www.haut-vallespir.fr\/index.php?rest_route=%2Fwp%2Fv2%2Fcomments&post=8054"}],"version-history":[{"count":4,"href":"https:\/\/www.haut-vallespir.fr\/index.php?rest_route=\/wp\/v2\/pages\/8054\/revisions"}],"predecessor-version":[{"id":8060,"href":"https:\/\/www.haut-vallespir.fr\/index.php?rest_route=\/wp\/v2\/pages\/8054\/revisions\/8060"}],"wp:attachment":[{"href":"https:\/\/www.haut-vallespir.fr\/index.php?rest_route=%2Fwp%2Fv2%2Fmedia&parent=8054"}],"curies":[{"name":"wp","href":"https:\/\/api.w.org\/{rel}","templated":true}]}}