{"id":6940,"date":"2025-02-06T09:00:12","date_gmt":"2025-02-06T08:00:12","guid":{"rendered":"https:\/\/www.haut-vallespir.fr\/?page_id=6940"},"modified":"2026-01-28T11:00:50","modified_gmt":"2026-01-28T10:00:50","slug":"les-decisions-administratives-2025","status":"publish","type":"page","link":"https:\/\/www.haut-vallespir.fr\/?page_id=6940","title":{"rendered":"D\u00e9cisions administratives 2025"},"content":{"rendered":"<ul>\n<li><div class=\"sdm_download_item \"><div class=\"sdm_download_item_top\"><div class=\"sdm_download_thumbnail\"><\/div><div class=\"sdm_download_title\">D\u00e9cision 40-2025<\/div><\/div><div style=\"clear:both;\"><\/div><div class=\"sdm_download_description\"><\/div><div class=\"sdm_download_link\"><span class=\"sdm_download_button\"><a href=\"https:\/\/www.haut-vallespir.fr\/?sdm_process_download=1&download_id=7725\" class=\"sdm_download green\" title=\"D\u00e9cision 40-2025\" target=\"_self\">T\u00e9l\u00e9charger<\/a><\/span><span class=\"sdm_download_item_count\"><span class=\"sdm_item_count_number\">194<\/span><span class=\"sdm_item_count_string\"> T\u00e9l\u00e9chargements<\/span><\/span><\/div><\/div><div class=\"sdm_clear_float\"><\/div><\/li>\n<li><div class=\"sdm_download_item \"><div class=\"sdm_download_item_top\"><div class=\"sdm_download_thumbnail\"><\/div><div class=\"sdm_download_title\">D\u00e9cision 39-2025<\/div><\/div><div style=\"clear:both;\"><\/div><div class=\"sdm_download_description\"><\/div><div class=\"sdm_download_link\"><span class=\"sdm_download_button\"><a href=\"https:\/\/www.haut-vallespir.fr\/?sdm_process_download=1&download_id=7718\" class=\"sdm_download green\" title=\"D\u00e9cision 39-2025\" target=\"_self\">T\u00e9l\u00e9charger<\/a><\/span><span class=\"sdm_download_item_count\"><span class=\"sdm_item_count_number\">202<\/span><span class=\"sdm_item_count_string\"> T\u00e9l\u00e9chargements<\/span><\/span><\/div><\/div><div class=\"sdm_clear_float\"><\/div><\/li>\n<li><div class=\"sdm_download_item \"><div class=\"sdm_download_item_top\"><div class=\"sdm_download_thumbnail\"><\/div><div class=\"sdm_download_title\">D\u00e9cision 34-2025<\/div><\/div><div style=\"clear:both;\"><\/div><div class=\"sdm_download_description\"><\/div><div class=\"sdm_download_link\"><span class=\"sdm_download_button\"><a href=\"https:\/\/www.haut-vallespir.fr\/?sdm_process_download=1&download_id=7567\" class=\"sdm_download green\" title=\"D\u00e9cision 34-2025\" target=\"_self\">T\u00e9l\u00e9charger<\/a><\/span><span class=\"sdm_download_item_count\"><span class=\"sdm_item_count_number\">335<\/span><span class=\"sdm_item_count_string\"> T\u00e9l\u00e9chargements<\/span><\/span><\/div><\/div><div class=\"sdm_clear_float\"><\/div><\/li>\n<li><div class=\"sdm_download_item \"><div class=\"sdm_download_item_top\"><div class=\"sdm_download_thumbnail\"><\/div><div class=\"sdm_download_title\">D\u00e9cision 33-2025<\/div><\/div><div style=\"clear:both;\"><\/div><div class=\"sdm_download_description\"><\/div><div class=\"sdm_download_link\"><span class=\"sdm_download_button\"><a href=\"https:\/\/www.haut-vallespir.fr\/?sdm_process_download=1&download_id=7565\" class=\"sdm_download green\" title=\"D\u00e9cision 33-2025\" target=\"_self\">T\u00e9l\u00e9charger<\/a><\/span><span class=\"sdm_download_item_count\"><span class=\"sdm_item_count_number\">328<\/span><span class=\"sdm_item_count_string\"> T\u00e9l\u00e9chargements<\/span><\/span><\/div><\/div><div class=\"sdm_clear_float\"><\/div><\/li>\n<li><div class=\"sdm_download_item \"><div class=\"sdm_download_item_top\"><div class=\"sdm_download_thumbnail\"><\/div><div class=\"sdm_download_title\">D\u00e9cision 32-2025<\/div><\/div><div style=\"clear:both;\"><\/div><div class=\"sdm_download_description\"><\/div><div class=\"sdm_download_link\"><span class=\"sdm_download_button\"><a href=\"https:\/\/www.haut-vallespir.fr\/?sdm_process_download=1&download_id=7563\" class=\"sdm_download green\" title=\"D\u00e9cision 32-2025\" target=\"_self\">T\u00e9l\u00e9charger<\/a><\/span><span class=\"sdm_download_item_count\"><span class=\"sdm_item_count_number\">330<\/span><span class=\"sdm_item_count_string\"> T\u00e9l\u00e9chargements<\/span><\/span><\/div><\/div><div class=\"sdm_clear_float\"><\/div><\/li>\n<li><div class=\"sdm_download_item \"><div class=\"sdm_download_item_top\"><div class=\"sdm_download_thumbnail\"><\/div><div class=\"sdm_download_title\">D\u00e9cision 31-2025<\/div><\/div><div style=\"clear:both;\"><\/div><div class=\"sdm_download_description\"><\/div><div class=\"sdm_download_link\"><span class=\"sdm_download_button\"><a href=\"https:\/\/www.haut-vallespir.fr\/?sdm_process_download=1&download_id=7560\" class=\"sdm_download green\" title=\"D\u00e9cision 31-2025\" target=\"_self\">T\u00e9l\u00e9charger<\/a><\/span><span class=\"sdm_download_item_count\"><span class=\"sdm_item_count_number\">345<\/span><span class=\"sdm_item_count_string\"> T\u00e9l\u00e9chargements<\/span><\/span><\/div><\/div><div class=\"sdm_clear_float\"><\/div><\/li>\n<li><div class=\"sdm_download_item \"><div class=\"sdm_download_item_top\"><div class=\"sdm_download_thumbnail\"><\/div><div class=\"sdm_download_title\">D\u00e9cision administrative N\u00b0 30-25 :<\/div><\/div><div style=\"clear:both;\"><\/div><div class=\"sdm_download_description\"><\/div><div class=\"sdm_download_link\"><span class=\"sdm_download_button\"><a href=\"https:\/\/www.haut-vallespir.fr\/?sdm_process_download=1&download_id=7524\" class=\"sdm_download green\" title=\"D\u00e9cision administrative N\u00b0 30-25 :\" target=\"_blank\">T\u00e9l\u00e9charger<\/a><\/span><span class=\"sdm_download_item_count\"><span class=\"sdm_item_count_number\">443<\/span><span class=\"sdm_item_count_string\"> T\u00e9l\u00e9chargements<\/span><\/span><\/div><\/div><div class=\"sdm_clear_float\"><\/div><\/li>\n<li><div class=\"sdm_download_item \"><div class=\"sdm_download_item_top\"><div class=\"sdm_download_thumbnail\"><\/div><div class=\"sdm_download_title\">D\u00e9cision administrative N\u00b0 29-25 :<\/div><\/div><div style=\"clear:both;\"><\/div><div class=\"sdm_download_description\"><\/div><div class=\"sdm_download_link\"><span class=\"sdm_download_button\"><a href=\"https:\/\/www.haut-vallespir.fr\/?sdm_process_download=1&download_id=7522\" class=\"sdm_download green\" title=\"D\u00e9cision administrative N\u00b0 29-25 :\" target=\"_blank\">T\u00e9l\u00e9charger<\/a><\/span><span class=\"sdm_download_item_count\"><span class=\"sdm_item_count_number\">431<\/span><span class=\"sdm_item_count_string\"> T\u00e9l\u00e9chargements<\/span><\/span><\/div><\/div><div class=\"sdm_clear_float\"><\/div><\/li>\n<li><div class=\"sdm_download_item \"><div class=\"sdm_download_item_top\"><div class=\"sdm_download_thumbnail\"><\/div><div class=\"sdm_download_title\">D\u00e9cision administrative N\u00b0 28-25 :<\/div><\/div><div style=\"clear:both;\"><\/div><div class=\"sdm_download_description\"><\/div><div class=\"sdm_download_link\"><span class=\"sdm_download_button\"><a href=\"https:\/\/www.haut-vallespir.fr\/?sdm_process_download=1&download_id=7521\" class=\"sdm_download green\" title=\"D\u00e9cision administrative N\u00b0 28-25 :\" target=\"_blank\">T\u00e9l\u00e9charger<\/a><\/span><span class=\"sdm_download_item_count\"><span class=\"sdm_item_count_number\">430<\/span><span class=\"sdm_item_count_string\"> T\u00e9l\u00e9chargements<\/span><\/span><\/div><\/div><div class=\"sdm_clear_float\"><\/div><\/li>\n<li><div class=\"sdm_download_item \"><div class=\"sdm_download_item_top\"><div class=\"sdm_download_thumbnail\"><\/div><div class=\"sdm_download_title\">D\u00e9cision administrative N\u00b0 27-25 :<\/div><\/div><div style=\"clear:both;\"><\/div><div class=\"sdm_download_description\"><\/div><div class=\"sdm_download_link\"><span class=\"sdm_download_button\"><a href=\"https:\/\/www.haut-vallespir.fr\/?sdm_process_download=1&download_id=7520\" class=\"sdm_download green\" title=\"D\u00e9cision administrative N\u00b0 27-25 :\" target=\"_blank\">T\u00e9l\u00e9charger<\/a><\/span><span class=\"sdm_download_item_count\"><span class=\"sdm_item_count_number\">434<\/span><span class=\"sdm_item_count_string\"> T\u00e9l\u00e9chargements<\/span><\/span><\/div><\/div><div class=\"sdm_clear_float\"><\/div><\/li>\n<li><div class=\"sdm_download_item \"><div class=\"sdm_download_item_top\"><div class=\"sdm_download_thumbnail\"><\/div><div class=\"sdm_download_title\">D\u00e9cision administrative N\u00b0 26-25 :<\/div><\/div><div style=\"clear:both;\"><\/div><div class=\"sdm_download_description\"><\/div><div class=\"sdm_download_link\"><span class=\"sdm_download_button\"><a href=\"https:\/\/www.haut-vallespir.fr\/?sdm_process_download=1&download_id=7519\" class=\"sdm_download green\" title=\"D\u00e9cision administrative N\u00b0 26-25 :\" target=\"_blank\">T\u00e9l\u00e9charger<\/a><\/span><span class=\"sdm_download_item_count\"><span class=\"sdm_item_count_number\">426<\/span><span class=\"sdm_item_count_string\"> T\u00e9l\u00e9chargements<\/span><\/span><\/div><\/div><div class=\"sdm_clear_float\"><\/div><\/li>\n<li><div class=\"sdm_download_item \"><div class=\"sdm_download_item_top\"><div class=\"sdm_download_thumbnail\"><\/div><div class=\"sdm_download_title\">D\u00e9cision administrative N\u00b0 25-25 :<\/div><\/div><div style=\"clear:both;\"><\/div><div class=\"sdm_download_description\"><\/div><div class=\"sdm_download_link\"><span class=\"sdm_download_button\"><a href=\"https:\/\/www.haut-vallespir.fr\/?sdm_process_download=1&download_id=7517\" class=\"sdm_download green\" title=\"D\u00e9cision administrative N\u00b0 25-25 :\" target=\"_blank\">T\u00e9l\u00e9charger<\/a><\/span><span class=\"sdm_download_item_count\"><span class=\"sdm_item_count_number\">437<\/span><span class=\"sdm_item_count_string\"> T\u00e9l\u00e9chargements<\/span><\/span><\/div><\/div><div class=\"sdm_clear_float\"><\/div><\/li>\n<li><div class=\"sdm_download_item \"><div class=\"sdm_download_item_top\"><div class=\"sdm_download_thumbnail\"><\/div><div class=\"sdm_download_title\">D\u00e9cision administrative N\u00b0 24-25 :<\/div><\/div><div style=\"clear:both;\"><\/div><div class=\"sdm_download_description\"><\/div><div class=\"sdm_download_link\"><span class=\"sdm_download_button\"><a href=\"https:\/\/www.haut-vallespir.fr\/?sdm_process_download=1&download_id=7515\" class=\"sdm_download green\" title=\"D\u00e9cision administrative N\u00b0 24-25 :\" target=\"_blank\">T\u00e9l\u00e9charger<\/a><\/span><span class=\"sdm_download_item_count\"><span class=\"sdm_item_count_number\">422<\/span><span class=\"sdm_item_count_string\"> T\u00e9l\u00e9chargements<\/span><\/span><\/div><\/div><div class=\"sdm_clear_float\"><\/div><\/li>\n<li><div class=\"sdm_download_item \"><div class=\"sdm_download_item_top\"><div class=\"sdm_download_thumbnail\"><\/div><div class=\"sdm_download_title\">D\u00e9cision administrative N\u00b0 23-25 :<\/div><\/div><div style=\"clear:both;\"><\/div><div class=\"sdm_download_description\"><\/div><div class=\"sdm_download_link\"><span class=\"sdm_download_button\"><a href=\"https:\/\/www.haut-vallespir.fr\/?sdm_process_download=1&download_id=7513\" class=\"sdm_download green\" title=\"D\u00e9cision administrative N\u00b0 23-25 :\" target=\"_blank\">T\u00e9l\u00e9charger<\/a><\/span><span class=\"sdm_download_item_count\"><span class=\"sdm_item_count_number\">435<\/span><span class=\"sdm_item_count_string\"> T\u00e9l\u00e9chargements<\/span><\/span><\/div><\/div><div class=\"sdm_clear_float\"><\/div><\/li>\n<li><div class=\"sdm_download_item \"><div class=\"sdm_download_item_top\"><div class=\"sdm_download_thumbnail\"><\/div><div class=\"sdm_download_title\">D\u00e9cision administrative N\u00b0 22-25 :<\/div><\/div><div style=\"clear:both;\"><\/div><div class=\"sdm_download_description\"><\/div><div class=\"sdm_download_link\"><span class=\"sdm_download_button\"><a href=\"https:\/\/www.haut-vallespir.fr\/?sdm_process_download=1&download_id=7512\" class=\"sdm_download green\" title=\"D\u00e9cision administrative N\u00b0 22-25 :\" target=\"_blank\">T\u00e9l\u00e9charger<\/a><\/span><span class=\"sdm_download_item_count\"><span class=\"sdm_item_count_number\">442<\/span><span class=\"sdm_item_count_string\"> T\u00e9l\u00e9chargements<\/span><\/span><\/div><\/div><div class=\"sdm_clear_float\"><\/div><\/li>\n<li><div class=\"sdm_download_item \"><div class=\"sdm_download_item_top\"><div class=\"sdm_download_thumbnail\"><\/div><div class=\"sdm_download_title\">D\u00e9cision administrative N\u00b0 21-25 :<\/div><\/div><div style=\"clear:both;\"><\/div><div class=\"sdm_download_description\"><\/div><div class=\"sdm_download_link\"><span class=\"sdm_download_button\"><a href=\"https:\/\/www.haut-vallespir.fr\/?sdm_process_download=1&download_id=7510\" class=\"sdm_download green\" title=\"D\u00e9cision administrative N\u00b0 21-25 :\" target=\"_blank\">T\u00e9l\u00e9charger<\/a><\/span><span class=\"sdm_download_item_count\"><span class=\"sdm_item_count_number\">422<\/span><span class=\"sdm_item_count_string\"> T\u00e9l\u00e9chargements<\/span><\/span><\/div><\/div><div class=\"sdm_clear_float\"><\/div><\/li>\n<li><div class=\"sdm_download_item \"><div class=\"sdm_download_item_top\"><div class=\"sdm_download_thumbnail\"><\/div><div class=\"sdm_download_title\">D\u00e9cision administrative N\u00b0 20-25 :<\/div><\/div><div style=\"clear:both;\"><\/div><div class=\"sdm_download_description\"><\/div><div class=\"sdm_download_link\"><span class=\"sdm_download_button\"><a href=\"https:\/\/www.haut-vallespir.fr\/?sdm_process_download=1&download_id=7508\" class=\"sdm_download green\" title=\"D\u00e9cision administrative N\u00b0 20-25 :\" target=\"_blank\">T\u00e9l\u00e9charger<\/a><\/span><span class=\"sdm_download_item_count\"><span class=\"sdm_item_count_number\">433<\/span><span class=\"sdm_item_count_string\"> T\u00e9l\u00e9chargements<\/span><\/span><\/div><\/div><div class=\"sdm_clear_float\"><\/div><\/li>\n<li><div class=\"sdm_download_item \"><div class=\"sdm_download_item_top\"><div class=\"sdm_download_thumbnail\"><\/div><div class=\"sdm_download_title\">D\u00e9cision administrative N\u00b0 19-25 :<\/div><\/div><div style=\"clear:both;\"><\/div><div class=\"sdm_download_description\"><\/div><div class=\"sdm_download_link\"><span class=\"sdm_download_button\"><a href=\"https:\/\/www.haut-vallespir.fr\/?sdm_process_download=1&download_id=7507\" class=\"sdm_download green\" title=\"D\u00e9cision administrative N\u00b0 19-25 :\" target=\"_blank\">T\u00e9l\u00e9charger<\/a><\/span><span class=\"sdm_download_item_count\"><span class=\"sdm_item_count_number\">424<\/span><span class=\"sdm_item_count_string\"> T\u00e9l\u00e9chargements<\/span><\/span><\/div><\/div><div class=\"sdm_clear_float\"><\/div><\/li>\n<li><div class=\"sdm_download_item \"><div class=\"sdm_download_item_top\"><div class=\"sdm_download_thumbnail\"><\/div><div class=\"sdm_download_title\">D\u00e9cision administrative N\u00b0 18-25 :<\/div><\/div><div style=\"clear:both;\"><\/div><div class=\"sdm_download_description\"><\/div><div class=\"sdm_download_link\"><span class=\"sdm_download_button\"><a href=\"https:\/\/www.haut-vallespir.fr\/?sdm_process_download=1&download_id=7493\" class=\"sdm_download green\" title=\"D\u00e9cision administrative N\u00b0 18-25 :\" target=\"_blank\">T\u00e9l\u00e9charger<\/a><\/span><span class=\"sdm_download_item_count\"><span class=\"sdm_item_count_number\">416<\/span><span class=\"sdm_item_count_string\"> T\u00e9l\u00e9chargements<\/span><\/span><\/div><\/div><div class=\"sdm_clear_float\"><\/div><\/li>\n<li><span style=\"color: #993300;\"><a style=\"color: #993300;\" href=\"https:\/\/www.haut-vallespir.fr\/?sdm_process_download=1&download_id=7295\">D\u00e9cision administrative N\u00b0 17-25<\/a> :<\/span><\/li>\n<li><span style=\"color: #993300;\"><a style=\"color: #993300;\" href=\"https:\/\/www.haut-vallespir.fr\/?sdm_process_download=1&download_id=7294\">D\u00e9cision administrative N\u00b0 16-25<\/a> :<\/span><\/li>\n<li><span style=\"color: #993300;\"><a style=\"color: #993300;\" href=\"https:\/\/www.haut-vallespir.fr\/?sdm_process_download=1&download_id=7293\">D\u00e9cision administrative N\u00b0 15-25<\/a> :<\/span><\/li>\n<li><span style=\"color: #993300;\"><a style=\"color: #993300;\" href=\"https:\/\/www.haut-vallespir.fr\/?sdm_process_download=1&download_id=7292\">D\u00e9cision administrative N\u00b0 14-25<\/a> :<\/span><\/li>\n<li><span style=\"color: #993300;\"><a style=\"color: #993300;\" href=\"https:\/\/www.haut-vallespir.fr\/?sdm_process_download=1&download_id=7291\">D\u00e9cision administrative N\u00b0 13-25<\/a> :<\/span><\/li>\n<li><span style=\"color: #993300;\"><a style=\"color: #993300;\" href=\"https:\/\/www.haut-vallespir.fr\/?sdm_process_download=1&download_id=7290\">D\u00e9cision administrative N\u00b0 12-25<\/a> :<\/span><\/li>\n<li><span style=\"color: #993300;\"><a style=\"color: #993300;\" href=\"https:\/\/www.haut-vallespir.fr\/?sdm_process_download=1&download_id=7289\">D\u00e9cision administrative N\u00b0 11-25<\/a> :<\/span><\/li>\n<li><span style=\"color: #993300;\"><a style=\"color: #993300;\" href=\"https:\/\/www.haut-vallespir.fr\/?sdm_process_download=1&download_id=7279\">D\u00e9cision administrative N\u00b0 10-25<\/a> :<\/span><\/li>\n<li><span style=\"color: #993300;\"><a style=\"color: #993300;\" href=\"https:\/\/www.haut-vallespir.fr?download=7101&tmstv=1741182316\">D\u00e9cision administrative N\u00b0 09-25 : Passation de march\u00e9s publics<\/a><\/span><\/li>\n<li><span style=\"color: #993300;\"><a style=\"color: #993300;\" href=\"https:\/\/www.haut-vallespir.fr?download=7098&tmstv=1741182316\">D\u00e9cision administrative N\u00b0 08-25 : Mise \u00e0 disposition d&rsquo;un local au Groupement de Gendarmerie D\u00e9partementale de Pyr\u00e9n\u00e9es-Orientales<\/a><\/span><\/li>\n<li><span style=\"color: #993300;\"><a style=\"color: #993300;\" href=\"https:\/\/www.haut-vallespir.fr?download=7074&tmstv=1739949308\">D\u00e9cision administrative N\u00b0 07-25 : Passation de march\u00e9s publics-Avenant<\/a><\/span><\/li>\n<li><span style=\"color: #993300;\"><a style=\"color: #993300;\" href=\"https:\/\/www.haut-vallespir.fr?download=7071&tmstv=1739949308\">D\u00e9cision administrative N\u00b0 06-25 : Passation de march\u00e9s publics<\/a><\/span><\/li>\n<li><span style=\"color: #993300;\"><a style=\"color: #993300;\" href=\"https:\/\/www.haut-vallespir.fr?download=7061&tmstv=1739861444\">D\u00e9cision administrative N\u00b0 05-25 : Passation de march\u00e9s publics<\/a><\/span><\/li>\n<li><span style=\"color: #993300;\">D\u00e9cision administrative N\u00b0 04-25 :<\/span><\/li>\n<li><span style=\"color: #993300;\"><a style=\"color: #993300;\" href=\"https:\/\/www.haut-vallespir.fr?download=6948&tmstv=1738828605\">D\u00e9cision administrative N\u00b0 03-25 : Passation de march\u00e9s publics<\/a><\/span><\/li>\n<li><span style=\"color: #993300;\"><a style=\"color: #993300;\" href=\"https:\/\/www.haut-vallespir.fr?download=6945&tmstv=1738828605\">D\u00e9cision administrative N\u00b0 02-25 :Passation de march\u00e9s publics<\/a><\/span><\/li>\n<li><span style=\"color: #993300;\"><a style=\"color: #993300;\" href=\"https:\/\/www.haut-vallespir.fr?download=6942&tmstv=1738828605\">D\u00e9cision administrative N\u00b0 01-25 : Convention de mise \u00e0 disposition des espaces sportifs du Centre Sud Canigo<\/a><\/span><\/li>\n<\/ul>\n","protected":false},"excerpt":{"rendered":"<p>D\u00e9cision administrative N\u00b0 17-25 : D\u00e9cision administrative N\u00b0 16-25 : D\u00e9cision administrative N\u00b0 15-25 : D\u00e9cision administrative N\u00b0 14-25 : D\u00e9cision administrative N\u00b0 13-25 : D\u00e9cision administrative N\u00b0 12-25 : D\u00e9cision administrative N\u00b0 11-25 : D\u00e9cision administrative N\u00b0 10-25 : D\u00e9cision administrative N\u00b0 09-25 : Passation de march\u00e9s publics D\u00e9cision administrative N\u00b0 08-25 : Mise [&hellip;]<\/p>\n","protected":false},"author":4,"featured_media":0,"parent":0,"menu_order":0,"comment_status":"closed","ping_status":"closed","template":"","meta":{"footnotes":""},"_links":{"self":[{"href":"https:\/\/www.haut-vallespir.fr\/index.php?rest_route=\/wp\/v2\/pages\/6940"}],"collection":[{"href":"https:\/\/www.haut-vallespir.fr\/index.php?rest_route=\/wp\/v2\/pages"}],"about":[{"href":"https:\/\/www.haut-vallespir.fr\/index.php?rest_route=\/wp\/v2\/types\/page"}],"author":[{"embeddable":true,"href":"https:\/\/www.haut-vallespir.fr\/index.php?rest_route=\/wp\/v2\/users\/4"}],"replies":[{"embeddable":true,"href":"https:\/\/www.haut-vallespir.fr\/index.php?rest_route=%2Fwp%2Fv2%2Fcomments&post=6940"}],"version-history":[{"count":20,"href":"https:\/\/www.haut-vallespir.fr\/index.php?rest_route=\/wp\/v2\/pages\/6940\/revisions"}],"predecessor-version":[{"id":7868,"href":"https:\/\/www.haut-vallespir.fr\/index.php?rest_route=\/wp\/v2\/pages\/6940\/revisions\/7868"}],"wp:attachment":[{"href":"https:\/\/www.haut-vallespir.fr\/index.php?rest_route=%2Fwp%2Fv2%2Fmedia&parent=6940"}],"curies":[{"name":"wp","href":"https:\/\/api.w.org\/{rel}","templated":true}]}}