{"id":6564,"date":"2024-11-05T15:22:42","date_gmt":"2024-11-05T14:22:42","guid":{"rendered":"https:\/\/www.haut-vallespir.fr\/?page_id=6564"},"modified":"2025-02-05T08:02:20","modified_gmt":"2025-02-05T07:02:20","slug":"urbanisme-2","status":"publish","type":"page","link":"https:\/\/www.haut-vallespir.fr\/?page_id=6564","title":{"rendered":"Urbanisme"},"content":{"rendered":"<h3><img loading=\"lazy\" decoding=\"async\" class=\"size-medium wp-image-6579 alignnone\" src=\"https:\/\/www.haut-vallespir.fr\/wp-content\/uploads\/2024\/11\/PLUI-logo2-300x98.png\" alt=\"\" width=\"300\" height=\"98\" srcset=\"https:\/\/www.haut-vallespir.fr\/wp-content\/uploads\/2024\/11\/PLUI-logo2-300x98.png 300w, https:\/\/www.haut-vallespir.fr\/wp-content\/uploads\/2024\/11\/PLUI-logo2-1024x336.png 1024w, https:\/\/www.haut-vallespir.fr\/wp-content\/uploads\/2024\/11\/PLUI-logo2-768x252.png 768w, https:\/\/www.haut-vallespir.fr\/wp-content\/uploads\/2024\/11\/PLUI-logo2-1536x503.png 1536w, https:\/\/www.haut-vallespir.fr\/wp-content\/uploads\/2024\/11\/PLUI-logo2.png 1584w\" sizes=\"(max-width: 300px) 100vw, 300px\" \/><\/h3>\n<h1>Plan Local d\u2019Urbanisme intercommunal en cours d\u2019\u00e9laboration<\/h1>\n<hr \/>\n<p><strong>La Communaut\u00e9 de Communes du Haut-Vallespir s&rsquo;est engag\u00e9e dans l&rsquo;\u00e9laboration de son Plan Local d&rsquo;Urbanisme intercommunal (PLUi) sur l&rsquo;ensemble de son territoire.<\/strong><\/p>\n<p>&nbsp;<\/p>\n<h5>Qu&rsquo;est ce que le PLUi ?<\/h5>\n<p>V\u00e9ritable boite \u00e0 outils pour orienter l&rsquo;am\u00e9nagement du territoire et mettre en coh\u00e9rence ses diff\u00e9rents enjeux (habitat, mobilit\u00e9, activit\u00e9s \u00e9conomiques, environnement, etc.) le PLUi est aussi un vecteur majeur de retranscription du projet intercommunal.<\/p>\n<p>Comme les autres documents d&rsquo;urbanisme, le PLUi doit viser \u00e0 assurer les conditions d&rsquo;une planification durable de territoire, prenant en compte les besoins des habitants et les ressources du territoire, et conjuguant les dimensions sociales, \u00e9conomiques et environnementales (dont la gestion \u00e9conome de l&rsquo;espace et la lutte contre l&rsquo;artificialisation des sols).<\/p>\n<p>Il constitue un outil central pour encadrer l&rsquo;am\u00e9nagement op\u00e9rationnel : ses prescriptions s&rsquo;imposent aux travaux, constructions, am\u00e9nagements, plantations, affouillements ou exhaussements des sols, etc.<\/p>\n<p><strong>Le PLUi se construit ensemble, les habitants et les \u00e9lus du territoire.<\/strong><\/p>\n<p>&nbsp;<\/p>\n<h4><span style=\"color: #ff9900;\">Documents consultables :<\/span><\/h4>\n<ul>\n<li><a href=\"https:\/\/www.haut-vallespir.fr?download=6591&tmstv=1730815819\"><strong>D\u00e9lib\u00e9ration<\/strong><\/a><\/li>\n<li><strong><a href=\"https:\/\/www.haut-vallespir.fr?download=6595&tmstv=1730816002\">Diagnostic socio-\u00e9conomique<\/a><\/strong><\/li>\n<li><strong><a href=\"https:\/\/www.haut-vallespir.fr?download=6598&tmstv=1730816002\">\u00c9tat initial de l&rsquo;environnement<\/a><\/strong><\/li>\n<li><strong><a href=\"https:\/\/www.haut-vallespir.fr?download=6601&tmstv=1730816002\">Diagnostic paysager et patrimonial<\/a><\/strong><\/li>\n<li><a href=\"https:\/\/www.haut-vallespir.fr?download=6604&tmstv=1730816002\"><strong>Diagnostic agricole et forestier<\/strong><\/a><\/li>\n<\/ul>\n<h4><span style=\"color: #ff9900;\">Registre de concertation:<\/span><\/h4>\n<a\n\thref=\"https:\/\/www.haut-vallespir.fr\/?page_id=6619\"\n\ttarget=\"_blank\"\tid=\"ait-sc-button-1\"\n\tclass=\"ait-sc-button alignnone  buticon-left    simple\"\n\tstyle=\"width:180px;\"\n>\n\t<span class=\"container\">\n\t\t<span class=\"wrap\">\n\n\t\t\t\n\t\t\t\t\t\t<span class=\"text\" style=\"text-align:center;\">\n\t\t\t\t\t\t\t\t<span class=\"title\" style=\"\">\n\t\t\t\t\tD\u00e9poser un commentaire\t\t\t\t<\/span>\n\t\t\t\t\t\t\t\t\t\t\t<\/span>\n\t\t\t\n\t\t\t\t\t<\/span>\n\t<\/span>\n<\/a>\n\n<a\n\thref=\"https:\/\/www.haut-vallespir.fr\/?cat=1258\"\n\ttarget=\"_blank\"\tid=\"ait-sc-button-2\"\n\tclass=\"ait-sc-button alignnone  buticon-left    simple\"\n\tstyle=\"width:180px;\"\n>\n\t<span class=\"container\">\n\t\t<span class=\"wrap\">\n\n\t\t\t\n\t\t\t\t\t\t<span class=\"text\" style=\"text-align:center;\">\n\t\t\t\t\t\t\t\t<span class=\"title\" style=\"\">\n\t\t\t\t\tLecture du Registre de concertation\t\t\t\t<\/span>\n\t\t\t\t\t\t\t\t\t\t\t<\/span>\n\t\t\t\n\t\t\t\t\t<\/span>\n\t<\/span>\n<\/a>\n\n<h4><\/h4>\n<p>&nbsp;<\/p>\n<h3>R\u00e9union Publique :<\/h3>\n<p>La prochaine r\u00e9union publique se tiendra le<strong> jeudi 13 f\u00e9vrier 2025 \u00e0 18h00 au Centre Sud Canig\u00f3 &#8211; la Baillie &#8211; Arles sur Tech.<\/strong><\/p>\n<p>Cette r\u00e9union aura pour objet la d\u00e9couverte du <strong>Projet d\u2019Am\u00e9nagement et de D\u00e9veloppement Durables<\/strong> (PADD).<br \/>\nLe PADD est la seconde \u00e9tape du PLUi apr\u00e8s la phase d\u2019\u00e9tat des lieux qui a permis de r\u00e9aliser un portrait du territoire, notamment du point de vue d\u00e9mographique, socio-\u00e9conomique, environnemental \u2026<br \/>\nLe PADD est la cl\u00e9 de voute de la d\u00e9marche d\u2019\u00e9laboration du Plan Local d\u2019Urbanisme intercommunal, car il fixe les enjeux et les grandes orientations du territoire \u00e0 suivre durant les 12 prochaines ann\u00e9es.<\/p>\n<p>La CCHV encourage chacun \u00e0 venir prendre part \u00e0 cette r\u00e9flexion collective pour imaginer ensemble un territoire qui r\u00e9pond aux d\u00e9fis de demain. Que vous soyez r\u00e9sident, acteur \u00e9conomique ou simple curieux, votre avis compte pour dessiner un avenir qui ressemble \u00e0 notre communaut\u00e9 et \u00e0 ses aspirations.<\/p>\n<p><a href=\"https:\/\/www.haut-vallespir.fr\/wp-content\/uploads\/2025\/02\/PLUI-fevrier-2025-scaled.jpg\"><img loading=\"lazy\" decoding=\"async\" class=\"alignnone wp-image-6831\" src=\"https:\/\/www.haut-vallespir.fr\/wp-content\/uploads\/2025\/02\/PLUI-fevrier-2025-212x300.jpg\" alt=\"\" width=\"479\" height=\"678\" srcset=\"https:\/\/www.haut-vallespir.fr\/wp-content\/uploads\/2025\/02\/PLUI-fevrier-2025-212x300.jpg 212w, https:\/\/www.haut-vallespir.fr\/wp-content\/uploads\/2025\/02\/PLUI-fevrier-2025-724x1024.jpg 724w, https:\/\/www.haut-vallespir.fr\/wp-content\/uploads\/2025\/02\/PLUI-fevrier-2025-768x1086.jpg 768w, https:\/\/www.haut-vallespir.fr\/wp-content\/uploads\/2025\/02\/PLUI-fevrier-2025-1086x1536.jpg 1086w, https:\/\/www.haut-vallespir.fr\/wp-content\/uploads\/2025\/02\/PLUI-fevrier-2025-1448x2048.jpg 1448w, https:\/\/www.haut-vallespir.fr\/wp-content\/uploads\/2025\/02\/PLUI-fevrier-2025-scaled.jpg 1810w\" sizes=\"(max-width: 479px) 100vw, 479px\" \/><\/a><\/p>\n<p>&nbsp;<\/p>\n","protected":false},"excerpt":{"rendered":"<p>Plan Local d\u2019Urbanisme intercommunal en cours d\u2019\u00e9laboration La Communaut\u00e9 de Communes du Haut-Vallespir s&rsquo;est engag\u00e9e dans l&rsquo;\u00e9laboration de son Plan Local d&rsquo;Urbanisme intercommunal (PLUi) sur l&rsquo;ensemble de son territoire. &nbsp; Qu&rsquo;est ce que le PLUi ? V\u00e9ritable boite \u00e0 outils pour orienter l&rsquo;am\u00e9nagement du territoire et mettre en coh\u00e9rence ses diff\u00e9rents enjeux (habitat, mobilit\u00e9, activit\u00e9s [&hellip;]<\/p>\n","protected":false},"author":4,"featured_media":0,"parent":0,"menu_order":0,"comment_status":"closed","ping_status":"closed","template":"","meta":{"footnotes":""},"_links":{"self":[{"href":"https:\/\/www.haut-vallespir.fr\/index.php?rest_route=\/wp\/v2\/pages\/6564"}],"collection":[{"href":"https:\/\/www.haut-vallespir.fr\/index.php?rest_route=\/wp\/v2\/pages"}],"about":[{"href":"https:\/\/www.haut-vallespir.fr\/index.php?rest_route=\/wp\/v2\/types\/page"}],"author":[{"embeddable":true,"href":"https:\/\/www.haut-vallespir.fr\/index.php?rest_route=\/wp\/v2\/users\/4"}],"replies":[{"embeddable":true,"href":"https:\/\/www.haut-vallespir.fr\/index.php?rest_route=%2Fwp%2Fv2%2Fcomments&post=6564"}],"version-history":[{"count":33,"href":"https:\/\/www.haut-vallespir.fr\/index.php?rest_route=\/wp\/v2\/pages\/6564\/revisions"}],"predecessor-version":[{"id":6832,"href":"https:\/\/www.haut-vallespir.fr\/index.php?rest_route=\/wp\/v2\/pages\/6564\/revisions\/6832"}],"wp:attachment":[{"href":"https:\/\/www.haut-vallespir.fr\/index.php?rest_route=%2Fwp%2Fv2%2Fmedia&parent=6564"}],"curies":[{"name":"wp","href":"https:\/\/api.w.org\/{rel}","templated":true}]}}