{"id":5888,"date":"2024-06-05T16:11:57","date_gmt":"2024-06-05T15:11:57","guid":{"rendered":"https:\/\/www.haut-vallespir.fr\/?page_id=5888"},"modified":"2026-02-20T10:07:59","modified_gmt":"2026-02-20T09:07:59","slug":"encombrants-2024","status":"publish","type":"page","link":"https:\/\/www.haut-vallespir.fr\/?page_id=5888","title":{"rendered":"Encombrants 2026"},"content":{"rendered":"<ul>\n<li>\n<h6>L&rsquo;enl\u00e8vement des encombrants s\u2019effectue en appelant au plus t\u00f4t le secr\u00e9tariat de votre commune.<\/h6>\n<\/li>\n<li>\n<h6>Les encombrants \u00e0 collecter sont limit\u00e9s \u00e0 6 par foyer et par collecte.<\/h6>\n<\/li>\n<li>\n<h6>Il est demand\u00e9 de sortir les encombrants entre 19h00 la veille et 5h30 le jour de ramassage pour des raisons de s\u00e9curit\u00e9 et de salubrit\u00e9 publique.<\/h6>\n<\/li>\n<li>\n<h6>Les encombrants doivent \u00eatre d\u00e9pos\u00e9s sur le trottoir de la voie publique, sans g\u00eaner les pi\u00e9tons ni la circulation et accessible au camion de ramassage.<\/h6>\n<\/li>\n<li>\n<h6>Aucune collecte ne sera effectu\u00e9e sur une voie priv\u00e9e.<\/h6>\n<\/li>\n<li>\n<h6>Une brochure est \u00e0 votre disposition en Mairie pour vous informer des types d\u2019encombrants collect\u00e9s et non collect\u00e9s, ou t\u00e9l\u00e9chargeable ci-dessous :<\/h6>\n<\/li>\n<\/ul>\n<h5><div class=\"sdm_download_item \"><div class=\"sdm_download_item_top\"><div class=\"sdm_download_thumbnail\"><\/div><div class=\"sdm_download_title\">D\u00e9pliant de collecte des encombrants<\/div><\/div><div style=\"clear:both;\"><\/div><div class=\"sdm_download_description\"><\/div><div class=\"sdm_download_link\"><span class=\"sdm_download_button\"><a href=\"https:\/\/www.haut-vallespir.fr\/?sdm_process_download=1&download_id=7788\" class=\"sdm_download green\" title=\"D\u00e9pliant de collecte des encombrants\" target=\"_self\">T\u00e9l\u00e9charger<\/a><\/span><span class=\"sdm_download_item_count\"><span class=\"sdm_item_count_number\">156<\/span><span class=\"sdm_item_count_string\"> T\u00e9l\u00e9chargements<\/span><\/span><\/div><\/div><div class=\"sdm_clear_float\"><\/div><\/h5>\n<p>&nbsp;<\/p>\n<h4>Am\u00e9lie les Bains Palalda \/ Montalba<\/h4>\n<ul>\n<li>Mardi 06 janvier 2026<\/li>\n<li>Mardi 03 f\u00e9vrier 2026<\/li>\n<li>Mardi 03 mars 2026<\/li>\n<li>Mardi 14 avril 2026<\/li>\n<li>Mardi 19 mai 2026<\/li>\n<li>Mardi 02 juin 2026<\/li>\n<li>Mardi 07 juillet 2026<\/li>\n<li>Mardi 04 aout 2026<\/li>\n<li>Mardi 08 septembre 2026<\/li>\n<li>Mardi 06 octobre 2026<\/li>\n<li>Mardi 03 novembre 2026<\/li>\n<li>Mardi 08 d\u00e9cembre 2026<\/li>\n<\/ul>\n<h4>Arles sur Tech \/ Corsavy<\/h4>\n<ul>\n<li>Jeudi 08 janvier 2026<\/li>\n<li>Jeudi 05 f\u00e9vrier 2026<\/li>\n<li>Jeudi 05 mars 2026<\/li>\n<li>Jeudi 16 avril 2026<\/li>\n<li>Jeudi 21 mai 2026<\/li>\n<li>Jeudi 04 juin 2026<\/li>\n<li>Jeudi 09 juillet 2026<\/li>\n<li>Jeudi 06 aout 2026<\/li>\n<li>Jeudi 10 septembre 2026<\/li>\n<li>Jeudi 08 octobre 2026<\/li>\n<li>Jeudi 05 novembre 2026<\/li>\n<li>Jeudi 10 d\u00e9cembre 2026<\/li>\n<\/ul>\n<h4>La Bastide \/ Montbolo \/ Saint Marsal \/ Taulis<\/h4>\n<ul>\n<li>Lundi 05 janvier 2026<\/li>\n<li>Lundi 02 f\u00e9vrier 2026<\/li>\n<li>Lundi 02 mars 2026<\/li>\n<li>Lundi 13 avril 2026<\/li>\n<li>Lundi 18 mai 2026<\/li>\n<li>Lundi 01 juin 2026<\/li>\n<li>Lundi 06 juillet 2026<\/li>\n<li>Lundi 03 aout 2026<\/li>\n<li>Lundi 07 septembre 2026<\/li>\n<li>Lundi 05 octobre 2026<\/li>\n<li>Lundi 02 novembre 2026<\/li>\n<li>Lundi 07 d\u00e9cembre 2026<\/li>\n<\/ul>\n<h4>Prats de Mollo La Preste \/ Le Tech \/ Serralongue \/ Laman\u00e8re \/ Montferrer<\/h4>\n<ul>\n<li>Mercredi 07 janvier 2026<\/li>\n<li>Mercredi 04 f\u00e9vrier 2026<\/li>\n<li>Mercredi 04 mars 2026<\/li>\n<li>Mercredi 15 avril 2026<\/li>\n<li>Mercredi 20 mai 2026<\/li>\n<li>Mercredi 03 juin 2026<\/li>\n<li>Mercredi 08 juillet 2026<\/li>\n<li>Mercredi 05 aout 2026<\/li>\n<li>Mercredi 09 septembre 2026<\/li>\n<li>Mercredi 07 octobre 2026<\/li>\n<li>Mercredi 04 novembre 2026<\/li>\n<li>Mercredi 09 d\u00e9cembre 2026<\/li>\n<\/ul>\n<h4>Saint Laurent de Cerdans \/ Coustouges<\/h4>\n<ul>\n<li>Vendredi 09 janvier 2026<\/li>\n<li>Vendredi 06 f\u00e9vrier 2026<\/li>\n<li>Vendredi 06 mars 2026<\/li>\n<li>Vendredi 17 avril 2026<\/li>\n<li>Vendredi 22 mai 2026<\/li>\n<li>Vendredi 05 juin 2026<\/li>\n<li>Vendredi 10 juillet 2026<\/li>\n<li>Vendredi 07 aout 2026<\/li>\n<li>Vendredi 11 septembre 2026<\/li>\n<li>Vendredi 09 octobre 2026<\/li>\n<li>Vendredi 06 novembre 2026<\/li>\n<li>Vendredi 11 d\u00e9cembre 2026<\/li>\n<\/ul>\n<p>&nbsp;<\/p>\n<h4>Pour plus de renseignements, vous pouvez contacter le secr\u00e9tariat des Services Techniques de la Communaut\u00e9 de Communes du Haut-Vallespir<\/h4>\n<ul>\n<li>04.68.39.01.69 du lundi au vendredi de 9h30 \u00e0 12h et de 13h30 \u00e0 17h30<\/li>\n<li>Par mail : service.technique@haut-vallespir.fr<\/li>\n<\/ul>\n<p>&nbsp;<\/p>\n","protected":false},"excerpt":{"rendered":"<p>L&rsquo;enl\u00e8vement des encombrants s\u2019effectue en appelant au plus t\u00f4t le secr\u00e9tariat de votre commune. Les encombrants \u00e0 collecter sont limit\u00e9s \u00e0 6 par foyer et par collecte. Il est demand\u00e9 de sortir les encombrants entre 19h00 la veille et 5h30 le jour de ramassage pour des raisons de s\u00e9curit\u00e9 et de salubrit\u00e9 publique. Les encombrants [&hellip;]<\/p>\n","protected":false},"author":4,"featured_media":0,"parent":0,"menu_order":0,"comment_status":"closed","ping_status":"closed","template":"","meta":{"footnotes":""},"_links":{"self":[{"href":"https:\/\/www.haut-vallespir.fr\/index.php?rest_route=\/wp\/v2\/pages\/5888"}],"collection":[{"href":"https:\/\/www.haut-vallespir.fr\/index.php?rest_route=\/wp\/v2\/pages"}],"about":[{"href":"https:\/\/www.haut-vallespir.fr\/index.php?rest_route=\/wp\/v2\/types\/page"}],"author":[{"embeddable":true,"href":"https:\/\/www.haut-vallespir.fr\/index.php?rest_route=\/wp\/v2\/users\/4"}],"replies":[{"embeddable":true,"href":"https:\/\/www.haut-vallespir.fr\/index.php?rest_route=%2Fwp%2Fv2%2Fcomments&post=5888"}],"version-history":[{"count":15,"href":"https:\/\/www.haut-vallespir.fr\/index.php?rest_route=\/wp\/v2\/pages\/5888\/revisions"}],"predecessor-version":[{"id":7949,"href":"https:\/\/www.haut-vallespir.fr\/index.php?rest_route=\/wp\/v2\/pages\/5888\/revisions\/7949"}],"wp:attachment":[{"href":"https:\/\/www.haut-vallespir.fr\/index.php?rest_route=%2Fwp%2Fv2%2Fmedia&parent=5888"}],"curies":[{"name":"wp","href":"https:\/\/api.w.org\/{rel}","templated":true}]}}