{"id":5452,"date":"2024-03-15T14:39:13","date_gmt":"2024-03-15T13:39:13","guid":{"rendered":"https:\/\/www.haut-vallespir.fr\/?page_id=5452"},"modified":"2026-01-28T11:02:29","modified_gmt":"2026-01-28T10:02:29","slug":"les-decisions-administratives-2024","status":"publish","type":"page","link":"https:\/\/www.haut-vallespir.fr\/?page_id=5452","title":{"rendered":"D\u00e9cisions administratives 2024"},"content":{"rendered":"<a\n\thref=\"https:\/\/www.haut-vallespir.fr?download=6968&tmstv=1738831473\"\n\t\tid=\"ait-sc-button-1\"\n\tclass=\"ait-sc-button alignnone  buticon-left    simple\"\n\tstyle=\"width:300px;\"\n>\n\t<span class=\"container\">\n\t\t<span class=\"wrap\">\n\n\t\t\t\n\t\t\t\t\t\t<span class=\"text\" style=\"text-align:center;\">\n\t\t\t\t\t\t\t\t<span class=\"title\" style=\"\">\n\t\t\t\t\tT\u00e9l\u00e9charger l&#039;ensemble des d\u00e9cisions administratives 2024\t\t\t\t<\/span>\n\t\t\t\t\t\t\t\t\t\t\t<\/span>\n\t\t\t\n\t\t\t\t\t<\/span>\n\t<\/span>\n<\/a>\n\n<p>&nbsp;<\/p>\n<p>&nbsp;<\/p>\n<ul>\n<li><span style=\"color: #333333;\"><a href=\"https:\/\/www.haut-vallespir.fr?download=6902&tmstv=1738826575\">D\u00e9cision administrative N\u00b0 56-24 :Contrat de bail de la Maison de Sant\u00e9 de Prats de Mollo<\/a><br \/>\n<\/span><\/li>\n<li><a href=\"https:\/\/www.haut-vallespir.fr?download=6899&tmstv=1738826575\">D\u00e9cision administrative N\u00b0 55-24 : Passation de march\u00e9s publics<\/a><\/li>\n<li><a href=\"https:\/\/www.haut-vallespir.fr?download=6896&tmstv=1738826575\">D\u00e9cision administrative N\u00b0 54-24 : Demande de subvention aupr\u00e8s du Conseil D\u00e9partemental des Pyr\u00e9n\u00e9es-Orientales et de l&rsquo;Agence de l&rsquo;Eau RMC<\/a><\/li>\n<li><a href=\"https:\/\/www.haut-vallespir.fr?download=6893&tmstv=1738826575\">D\u00e9cision administrative N\u00b0 53-24 : Demande de subvention aupr\u00e8s du Conseil D\u00e9partemental des Pyr\u00e9n\u00e9es-Orientales et de l&rsquo;Agence de l&rsquo;Eau RMC<\/a><\/li>\n<li><a href=\"https:\/\/www.haut-vallespir.fr?download=7041&tmstv=1738833546\">D\u00e9cision administrative N\u00b0 52-24 : Modification d&rsquo;un march\u00e9 public<\/a><\/li>\n<li><a href=\"https:\/\/www.haut-vallespir.fr?download=7038&tmstv=1738833138\">D\u00e9cision administrative N\u00b0 51-24 : Passation de March\u00e9s Publics<\/a><\/li>\n<li><a href=\"https:\/\/www.haut-vallespir.fr?download=7035&tmstv=1738833138\">D\u00e9cision administrative N\u00b0 50-24 : Demande de subventions aupr\u00e8s de l&rsquo;\u00c9tat au titre du Fonds Vert<\/a><\/li>\n<li><a href=\"https:\/\/www.haut-vallespir.fr?download=7032&tmstv=1738833138\">D\u00e9cision administrative N\u00b0 49-24 : Passation de March\u00e9s Publics<\/a><\/li>\n<li><a href=\"https:\/\/www.haut-vallespir.fr?download=7029&tmstv=1738833138\">D\u00e9cision administrative N\u00b0 48-24 : Demande de subventions aupr\u00e8s de l&rsquo;\u00c9tat et du Conseil D\u00e9partemental des Pyr\u00e9n\u00e9es-Orientales<\/a><\/li>\n<li><a href=\"https:\/\/www.haut-vallespir.fr?download=7026&tmstv=1738833138\">D\u00e9cision administrative N\u00b0 47-24 : Demande de subventions aupr\u00e8s de l&rsquo;\u00c9tat et du Conseil D\u00e9partemental des Pyr\u00e9n\u00e9es-Orientales<\/a><\/li>\n<li><a href=\"https:\/\/www.haut-vallespir.fr?download=7023&tmstv=1738833138\">D\u00e9cision administrative N\u00b0 46-24 : Demande de subventions aupr\u00e8s de l&rsquo;\u00c9tat<\/a><\/li>\n<li><a href=\"https:\/\/www.haut-vallespir.fr?download=7020&tmstv=1738833138\">D\u00e9cision administrative N\u00b0 45-24 : Demande de subventions aupr\u00e8s de l&rsquo;Europe, de l&rsquo;\u00c9tat, de la R\u00e9gion Occitanie et du Conseil\u00a0 D\u00e9partemental des Pyr\u00e9n\u00e9es-Orientales<\/a><\/li>\n<li><a href=\"https:\/\/www.haut-vallespir.fr?download=6890&tmstv=1738826575\">D\u00e9cision administrative N\u00b0 44-24 : Demande de subvention aupr\u00e8s du Conseil D\u00e9partemental des Pyr\u00e9n\u00e9es-Orientales<\/a><\/li>\n<li><a href=\"https:\/\/www.haut-vallespir.fr?download=6887&tmstv=1738826575\">D\u00e9cision administrative N\u00b0 43-24 : Demande de subvention aupr\u00e8s du Conseil D\u00e9partemental des Pyr\u00e9n\u00e9es-Orientales<\/a><\/li>\n<li><a href=\"https:\/\/www.haut-vallespir.fr?download=6884&tmstv=1738826575\">D\u00e9cision administrative N\u00b0 42-24 : Demande de subvention aupr\u00e8s du Conseil D\u00e9partemental des Pyr\u00e9n\u00e9es-Orientales<\/a><\/li>\n<li><a href=\"https:\/\/www.haut-vallespir.fr?download=6881&tmstv=1738826575\">D\u00e9cision administrative N\u00b0 41-24 : Demande de subvention aupr\u00e8s du Conseil D\u00e9partemental des Pyr\u00e9n\u00e9es-Orientales<\/a><\/li>\n<li><a href=\"https:\/\/www.haut-vallespir.fr?download=6878&tmstv=1738826575\">D\u00e9cision administrative N\u00b0 40-24 : Demande de subvention aupr\u00e8s du Conseil D\u00e9partemental des Pyr\u00e9n\u00e9es-Orientales<\/a><\/li>\n<li><a href=\"https:\/\/www.haut-vallespir.fr?download=6875&tmstv=1738826575\">D\u00e9cision administrative N\u00b0 39-24 : Demande de subvention aupr\u00e8s du Conseil D\u00e9partemental des Pyr\u00e9n\u00e9es-Orientales<\/a><\/li>\n<li><a href=\"https:\/\/www.haut-vallespir.fr?download=6872&tmstv=1738826575\">D\u00e9cision administrative N\u00b0 38-24 : Contrat de bail de la Maison de Sant\u00e9 de Prats de Mollo<\/a><\/li>\n<li><a href=\"https:\/\/www.haut-vallespir.fr?download=6869&tmstv=1738826575\">D\u00e9cision administrative N\u00b0 37-24 : Demande de subvention aupr\u00e8s du Conseil D\u00e9partemental des Pyr\u00e9n\u00e9es-Orientales et de l&rsquo;Agence de l&rsquo;Eau RMC<\/a><\/li>\n<li><a href=\"https:\/\/www.haut-vallespir.fr?download=6866&tmstv=1738826575\">D\u00e9cision administrative N\u00b0 36-24 : Demande de subvention aupr\u00e8s du Conseil D\u00e9partemental des Pyr\u00e9n\u00e9es-Orientales et de l&rsquo;Agence de l&rsquo;Eau RMC<\/a><\/li>\n<li><a href=\"https:\/\/www.haut-vallespir.fr?download=6863&tmstv=1738826575\">D\u00e9cision administrative N\u00b0 35-24 : Convention de mise \u00e0 disposition des espaces sportifs du Centre Sud Canigo<\/a><\/li>\n<li><a href=\"https:\/\/www.haut-vallespir.fr?download=6860&tmstv=1738826575\">D\u00e9cision administrative N\u00b0 34-24 : Convention de mise \u00e0 disposition d&rsquo;une salle de r\u00e9union du Centre Sud Canigo<\/a><\/li>\n<li><a href=\"https:\/\/www.haut-vallespir.fr?download=6857&tmstv=1738826575\">D\u00e9cision administrative N\u00b0 33-24 : Convention de mise \u00e0 disposition des espaces sportifs du Centre Sud Canigo<\/a><\/li>\n<li><a href=\"https:\/\/www.haut-vallespir.fr?download=6854&tmstv=1738826575\">D\u00e9cision administrative N\u00b0 32-24 : Contrat de bail de la Maison de Sant\u00e9 de Prats de Mollo<\/a><\/li>\n<li><a href=\"https:\/\/www.haut-vallespir.fr?download=7016&tmstv=1738832582\">D\u00e9cision administrative N\u00b0 31-24 : Mise \u00e0 disposition de locaux<\/a><\/li>\n<li><a href=\"https:\/\/www.haut-vallespir.fr?download=7013&tmstv=1738832582\">D\u00e9cision administrative N\u00b0 30-24 : Conclusion d&rsquo;une convention pour le le louage de choses pour une dur\u00e9e n\u2019exc\u00e9dant pas douze ans<\/a><\/li>\n<li><a href=\"https:\/\/www.haut-vallespir.fr?download=7010&tmstv=1738832582\">D\u00e9cision administrative N\u00b0 29-24 : Demande de subventions aupr\u00e8s de l&rsquo;Europe, de l&rsquo;\u00c9tat, de la R\u00e9gion Occitanie et du D\u00e9partement des Pyr\u00e9n\u00e9es-Orientales<\/a><\/li>\n<li><a href=\"https:\/\/www.haut-vallespir.fr?download=7007&tmstv=1738832582\">D\u00e9cision administrative N\u00b0 28-24 : R\u00e9alisation d&rsquo;une ligne de tr\u00e9sorerie pour le budget\u00a0 assainissement<\/a><\/li>\n<li><a href=\"https:\/\/www.haut-vallespir.fr?download=7004&tmstv=1738832582\">D\u00e9cision administrative N\u00b0 27-24 : Conclusion d&rsquo;une convention pour le louage de choses pour une dur\u00e9e n\u2019exc\u00e9dant pas douze ans<\/a><\/li>\n<li><a href=\"https:\/\/www.haut-vallespir.fr?download=7001&tmstv=1738832582\">D\u00e9cision administrative N\u00b0 26-24 : Demande de subventions aupr\u00e8s du Conseil D\u00e9partemental des Pyr\u00e9n\u00e9es-Orientales et de l&rsquo;Agence de l&rsquo;Eau RMC<\/a><\/li>\n<li><a href=\"https:\/\/www.haut-vallespir.fr?download=6998&tmstv=1738832259\">D\u00e9cision administrative N\u00b0 25-24 : Demande de subventions aupr\u00e8s du Conseil D\u00e9partemental des Pyr\u00e9n\u00e9es-Orientales et de l&rsquo;Agence de l&rsquo;Eau RMC<\/a><\/li>\n<li><a href=\"https:\/\/www.haut-vallespir.fr?download=6995&tmstv=1738832259\">D\u00e9cision administrative N\u00b0 24-24 : Passation de march\u00e9s publics<\/a><\/li>\n<li><a href=\"https:\/\/www.haut-vallespir.fr?download=6992&tmstv=1738832259\">D\u00e9cision administrative N\u00b0 23-24 : Renouvellement de la ligne de tr\u00e9sorerie pour le budget du Centre Sud Canigo<\/a><\/li>\n<li><a href=\"https:\/\/www.haut-vallespir.fr?download=6989&tmstv=1738832259\">D\u00e9cision administrative N\u00b0 22-24 : Contrat de bail de la Maison de Sant\u00e9 de Prats de Mollo<\/a><\/li>\n<li><a href=\"https:\/\/www.haut-vallespir.fr?download=6986&tmstv=1738832259\">D\u00e9cision administrative N\u00b0 21-24 : Demande de subventions aupr\u00e8s du Conseil D\u00e9partemental des Pyr\u00e9n\u00e9es-Orientales et de l&rsquo;Agence de l&rsquo;Eau RMC<\/a><\/li>\n<li><a href=\"https:\/\/www.haut-vallespir.fr?download=6982&tmstv=1738832008\">D\u00e9cision administrative N\u00b0 20-24 : Passation de march\u00e9s publics<\/a><\/li>\n<li><a href=\"https:\/\/www.haut-vallespir.fr?download=6979&tmstv=1738832008\">D\u00e9cision administrative N\u00b0 19-24 : Passation de march\u00e9s publics<\/a><\/li>\n<li><a href=\"https:\/\/www.haut-vallespir.fr?download=6976&tmstv=1738832008\">D\u00e9cision administrative N\u00b0 18-24 : Mise \u00e0 disposition de v\u00e9los tout terrain<\/a><\/li>\n<li><a href=\"https:\/\/www.haut-vallespir.fr?download=6973&tmstv=1738832008\">D\u00e9cision administrative N\u00b0 17-24 : Demande de subventions aupr\u00e8s du Conseil D\u00e9partemental des Pyr\u00e9n\u00e9es-Orientales<\/a><\/li>\n<li><a href=\"https:\/\/www.haut-vallespir.fr?download=6964&tmstv=1738831551\">D\u00e9cision administrative N\u00b0 16-24 : Passation de march\u00e9s publics<\/a><\/li>\n<li><a href=\"https:\/\/www.haut-vallespir.fr?download=6961&tmstv=1738831551\">D\u00e9cision administrative N\u00b0 15-24 : Passation de march\u00e9s publics<\/a><\/li>\n<li><a href=\"https:\/\/www.haut-vallespir.fr?download=6958&tmstv=1738831551\">D\u00e9cision administrative N\u00b0 14-24 : Passation de march\u00e9s publics<\/a><\/li>\n<li><a href=\"https:\/\/www.haut-vallespir.fr?download=5455&tmstv=1717658728\" target=\"_blank\" rel=\"noopener\">D\u00e9cision administrative N\u00b0 13-24 : R\u00e9alisation d&rsquo;une ligne de tr\u00e9sorerie pour le budget eau<\/a><\/li>\n<li><a href=\"https:\/\/www.haut-vallespir.fr?download=5460&tmstv=1717658728\" target=\"_blank\" rel=\"noopener\"><span style=\"color: #333333;\">D\u00e9cision administrative N\u00b0 12-24 : Mise \u00e0 disposition de locaux<\/span><\/a><\/li>\n<li><a href=\"https:\/\/www.haut-vallespir.fr?download=5465&tmstv=1717658728\" target=\"_blank\" rel=\"noopener\"><span style=\"color: #333333;\">D\u00e9cision administrative N\u00b0 11-24 : Demande de subventions aupr\u00e8s du Conseil D\u00e9partemental des Pyr\u00e9n\u00e9es-Orientales et de l&rsquo;Agence de l&rsquo;Eau RMC<\/span><\/a><\/li>\n<li><a href=\"https:\/\/www.haut-vallespir.fr?download=5468&tmstv=1717658728\" target=\"_blank\" rel=\"noopener\"><span style=\"color: #333333;\">D\u00e9cision administrative N\u00b0 10-24 : Demande de subventions aupr\u00e8s de Conseil D\u00e9partemental des Pyr\u00e9n\u00e9es-Orientales et de l&rsquo;Agence de l&rsquo;Eau RMC<\/span><\/a><\/li>\n<li><a href=\"https:\/\/www.haut-vallespir.fr?download=5471&tmstv=1717658728\" target=\"_blank\" rel=\"noopener\"><span style=\"color: #333333;\">D\u00e9cision administrative N\u00b0 09-24 : Passation de march\u00e9s publics<\/span><\/a><\/li>\n<li><a href=\"https:\/\/www.haut-vallespir.fr?download=5478&tmstv=1717658728\" target=\"_blank\" rel=\"noopener\"><span style=\"color: #333333;\">D\u00e9cision administrative N\u00b0 08-24 : Passation de march\u00e9s publics<\/span><\/a><\/li>\n<li><a href=\"https:\/\/www.haut-vallespir.fr?download=5481&tmstv=1717658728\" target=\"_blank\" rel=\"noopener\"><span style=\"color: #333333;\">D\u00e9cision administrative N\u00b0 07-24 : Passation de march\u00e9s publics<\/span><\/a><\/li>\n<li><a href=\"https:\/\/www.haut-vallespir.fr?download=5484&tmstv=1717658728\" target=\"_blank\" rel=\"noopener\"><span style=\"color: #333333;\">D\u00e9cision administrative N\u00b0 06-24 : Passation de march\u00e9s publics<\/span><\/a><\/li>\n<li><a href=\"https:\/\/www.haut-vallespir.fr?download=5487&tmstv=1717658728\" target=\"_blank\" rel=\"noopener\"><span style=\"color: #333333;\">D\u00e9cision administrative N\u00b0 05-24 : Passation de march\u00e9s publics<\/span><\/a><\/li>\n<li><a href=\"https:\/\/www.haut-vallespir.fr?download=5490&tmstv=1717658728\" target=\"_blank\" rel=\"noopener\"><span style=\"color: #333333;\">D\u00e9cision administrative N\u00b0 04-24 : Demande de subventions aupr\u00e8s du Conseil D\u00e9partemental des Pyr\u00e9n\u00e9es-Orientales de de l&rsquo;Agence de l&rsquo;Eau RMC<\/span><\/a><\/li>\n<li><a href=\"https:\/\/www.haut-vallespir.fr?download=5493&tmstv=1717658728\" target=\"_blank\" rel=\"noopener\"><span style=\"color: #333333;\">D\u00e9cision administrative N\u00b0 03-24 : Passation de march\u00e9s publics<\/span><\/a><\/li>\n<li><a href=\"https:\/\/www.haut-vallespir.fr?download=5496&tmstv=1717658728\" target=\"_blank\" rel=\"noopener\"><span style=\"color: #333333;\">D\u00e9cision administrative N\u00b0 02-24 : Demande de subventions aupr\u00e8s de l&rsquo;\u00c9tat (Fonds Vert) et du Conseil D\u00e9partemental des Pyr\u00e9n\u00e9es-Orientales (Bourg-Centre)<\/span><\/a><\/li>\n<li><a href=\"https:\/\/www.haut-vallespir.fr?download=5499&tmstv=1717658728\" target=\"_blank\" rel=\"noopener\"><span style=\"color: #333333;\">D\u00e9cision administrative N\u00b0 01-24 : Demande de subventions aupr\u00e8s de l&rsquo;\u00c9tat<\/span><\/a><\/li>\n<\/ul>\n","protected":false},"excerpt":{"rendered":"<p>&nbsp; &nbsp; D\u00e9cision administrative N\u00b0 56-24 :Contrat de bail de la Maison de Sant\u00e9 de Prats de Mollo D\u00e9cision administrative N\u00b0 55-24 : Passation de march\u00e9s publics D\u00e9cision administrative N\u00b0 54-24 : Demande de subvention aupr\u00e8s du Conseil D\u00e9partemental des Pyr\u00e9n\u00e9es-Orientales et de l&rsquo;Agence de l&rsquo;Eau RMC D\u00e9cision administrative N\u00b0 53-24 : Demande de subvention [&hellip;]<\/p>\n","protected":false},"author":4,"featured_media":0,"parent":0,"menu_order":0,"comment_status":"closed","ping_status":"closed","template":"","meta":{"footnotes":""},"_links":{"self":[{"href":"https:\/\/www.haut-vallespir.fr\/index.php?rest_route=\/wp\/v2\/pages\/5452"}],"collection":[{"href":"https:\/\/www.haut-vallespir.fr\/index.php?rest_route=\/wp\/v2\/pages"}],"about":[{"href":"https:\/\/www.haut-vallespir.fr\/index.php?rest_route=\/wp\/v2\/types\/page"}],"author":[{"embeddable":true,"href":"https:\/\/www.haut-vallespir.fr\/index.php?rest_route=\/wp\/v2\/users\/4"}],"replies":[{"embeddable":true,"href":"https:\/\/www.haut-vallespir.fr\/index.php?rest_route=%2Fwp%2Fv2%2Fcomments&post=5452"}],"version-history":[{"count":27,"href":"https:\/\/www.haut-vallespir.fr\/index.php?rest_route=\/wp\/v2\/pages\/5452\/revisions"}],"predecessor-version":[{"id":7873,"href":"https:\/\/www.haut-vallespir.fr\/index.php?rest_route=\/wp\/v2\/pages\/5452\/revisions\/7873"}],"wp:attachment":[{"href":"https:\/\/www.haut-vallespir.fr\/index.php?rest_route=%2Fwp%2Fv2%2Fmedia&parent=5452"}],"curies":[{"name":"wp","href":"https:\/\/api.w.org\/{rel}","templated":true}]}}