{"id":3501,"date":"2022-06-15T15:36:59","date_gmt":"2022-06-15T14:36:59","guid":{"rendered":"https:\/\/www.haut-vallespir.fr\/?page_id=3501"},"modified":"2025-09-26T09:25:51","modified_gmt":"2025-09-26T08:25:51","slug":"accueil-de-loisirs-2022","status":"publish","type":"page","link":"https:\/\/www.haut-vallespir.fr\/?page_id=3501","title":{"rendered":"Accueil de Loisirs 2025"},"content":{"rendered":"<div class=\"entry-content\">\n<div class=\"address-row row-telephone\">\n<div class=\"address-name\">\n<h1>FORMALIT\u00c9S D\u2019INSCRIPTION<\/h1>\n<\/div>\n<\/div>\n<div class=\"xdj266r x11i5rnm xat24cr x1mh8g0r x1vvkbs x126k92a\">\n<div dir=\"auto\">Toutes les r\u00e9servations se font sur le portail enfance jeunesse de la Communaut\u00e9 de Communes du Haut-Vallespir.<\/div>\n<div dir=\"auto\">Pour les familles qui fr\u00e9quentent r\u00e9guli\u00e8rement la structure votre identifiant et votre mot de passe vous parviendront par mail (v\u00e9rifier les spams).<\/div>\n<div dir=\"auto\"><\/div>\n<div dir=\"auto\">\n<hr \/>\n<\/div>\n<\/div>\n<\/div>\n<p dir=\"auto\"><a\n\thref=\"https:\/\/cchv.noethysweb.com\/connexion\"\n\ttarget=\"_blank\"\tid=\"ait-sc-button-1\"\n\tclass=\"ait-sc-button alignnone  buticon-right    simple\"\n\tstyle=\"width:300px;\"\n>\n\t<span class=\"container\">\n\t\t<span class=\"wrap\">\n\n\t\t\t\t\t\t\t\t\t\t\n\t\t\t\t\t\t<span class=\"text\" style=\"text-align:center;\">\n\t\t\t\t\t\t\t\t<span class=\"title\" style=\"\">\n\t\t\t\t\tPortail de r\u00e9servation\t\t\t\t<\/span>\n\t\t\t\t\t\t\t\t\t\t\t<\/span>\n\t\t\t\n\t\t\t\t\t\t\t\t\t\t\t\t<span class=\"icon\" style=\"text-align:center;\">\n\t\t\t\t\t\t<i class=\"fa fa-calendar-check-o\" ><\/i>\n\t\t\t\t\t<\/span>\n\t\t\t\t\t\t\t\t\t<\/span>\n\t<\/span>\n<\/a>\n \u00a0\u00a0 <a\n\thref=\"https:\/\/www.haut-vallespir.fr?download=5624&tmstv=1717676816\"\n\t\tid=\"ait-sc-button-2\"\n\tclass=\"ait-sc-button alignnone  buticon-right    simple\"\n\tstyle=\"width:300px;\"\n>\n\t<span class=\"container\">\n\t\t<span class=\"wrap\">\n\n\t\t\t\t\t\t\t\t\t\t\n\t\t\t\t\t\t<span class=\"text\" style=\"text-align:center;\">\n\t\t\t\t\t\t\t\t<span class=\"title\" style=\"\">\n\t\t\t\t\tNotice d&#039;utilisation\t\t\t\t<\/span>\n\t\t\t\t\t\t\t\t\t\t\t<\/span>\n\t\t\t\n\t\t\t\t\t\t\t\t\t\t\t\t<span class=\"icon\" style=\"text-align:center;\">\n\t\t\t\t\t\t<i class=\"fa fa-download\" ><\/i>\n\t\t\t\t\t<\/span>\n\t\t\t\t\t\t\t\t\t<\/span>\n\t<\/span>\n<\/a>\n<\/p>\n<h5 dir=\"auto\"><\/h5>\n<h5 dir=\"auto\"><\/h5>\n<div dir=\"auto\"><\/div>\n<div class=\"entry-content\">\n<div class=\"address-name\">\n<h5>Informations : <a class=\"phone\" href=\"tel:0468878579\">04 68 87 85 79<\/a> \/ <a class=\"phone\" href=\"tel:0647570118\">06 47 57 01 18<\/a><\/h5>\n<\/div>\n<\/div>\n<p>&nbsp;<\/p>\n<div class=\"address-name\">\n<h1 style=\"text-align: left;\"><span style=\"color: #ff6600;\"><strong>PROGRAMMES AUTOMNE 2025<br \/>\n<\/strong><\/span><\/h1>\n<p>&nbsp;<\/p>\n<p><img loading=\"lazy\" decoding=\"async\" class=\"wp-image-3505 size-large alignnone\" src=\"https:\/\/www.haut-vallespir.fr\/wp-content\/uploads\/2022\/06\/arles-1024x108.png\" alt=\"\" width=\"1024\" height=\"108\" srcset=\"https:\/\/www.haut-vallespir.fr\/wp-content\/uploads\/2022\/06\/arles-1024x108.png 1024w, https:\/\/www.haut-vallespir.fr\/wp-content\/uploads\/2022\/06\/arles-300x32.png 300w, https:\/\/www.haut-vallespir.fr\/wp-content\/uploads\/2022\/06\/arles-768x81.png 768w, https:\/\/www.haut-vallespir.fr\/wp-content\/uploads\/2022\/06\/arles-1536x162.png 1536w, https:\/\/www.haut-vallespir.fr\/wp-content\/uploads\/2022\/06\/arles.png 1630w\" sizes=\"(max-width: 1024px) 100vw, 1024px\" \/><\/p>\n<p style=\"text-align: left;\">\n<\/div>\n<div class=\"sdm_download_item \"><div class=\"sdm_download_item_top\"><div class=\"sdm_download_thumbnail\"><\/div><div class=\"sdm_download_title\">Programme Arles Am\u00e9lie maternel &#8211; Automne 2025<\/div><\/div><div style=\"clear:both;\"><\/div><div class=\"sdm_download_description\"><\/div><div class=\"sdm_download_link\"><span class=\"sdm_download_button\"><a href=\"https:\/\/www.haut-vallespir.fr\/?sdm_process_download=1&download_id=7573\" class=\"sdm_download green\" title=\"Programme Arles Am\u00e9lie maternel &#8211; Automne 2025\" target=\"_self\">T\u00e9l\u00e9charger<\/a><\/span><span class=\"sdm_download_item_count\"><span class=\"sdm_item_count_number\">210<\/span><span class=\"sdm_item_count_string\"> T\u00e9l\u00e9chargements<\/span><\/span><\/div><\/div><div class=\"sdm_clear_float\"><\/div>\n<div class=\"sdm_download_item \"><div class=\"sdm_download_item_top\"><div class=\"sdm_download_thumbnail\"><\/div><div class=\"sdm_download_title\">Programme Arles Am\u00e9lie Primaire &#8211; Automne 2025<\/div><\/div><div style=\"clear:both;\"><\/div><div class=\"sdm_download_description\"><\/div><div class=\"sdm_download_link\"><span class=\"sdm_download_button\"><a href=\"https:\/\/www.haut-vallespir.fr\/?sdm_process_download=1&download_id=7575\" class=\"sdm_download green\" title=\"Programme Arles Am\u00e9lie Primaire &#8211; Automne 2025\" target=\"_self\">T\u00e9l\u00e9charger<\/a><\/span><span class=\"sdm_download_item_count\"><span class=\"sdm_item_count_number\">202<\/span><span class=\"sdm_item_count_string\"> T\u00e9l\u00e9chargements<\/span><\/span><\/div><\/div><div class=\"sdm_clear_float\"><\/div>\n<p>&nbsp;<\/p>\n<div class=\"address-name\">\n<h1 style=\"text-align: center;\"><img loading=\"lazy\" decoding=\"async\" class=\"wp-image-3508 size-large alignleft\" src=\"https:\/\/www.haut-vallespir.fr\/wp-content\/uploads\/2022\/06\/PRATS-1024x109.png\" alt=\"\" width=\"1024\" height=\"109\" srcset=\"https:\/\/www.haut-vallespir.fr\/wp-content\/uploads\/2022\/06\/PRATS-1024x109.png 1024w, https:\/\/www.haut-vallespir.fr\/wp-content\/uploads\/2022\/06\/PRATS-300x32.png 300w, https:\/\/www.haut-vallespir.fr\/wp-content\/uploads\/2022\/06\/PRATS-768x82.png 768w, https:\/\/www.haut-vallespir.fr\/wp-content\/uploads\/2022\/06\/PRATS-1536x163.png 1536w, https:\/\/www.haut-vallespir.fr\/wp-content\/uploads\/2022\/06\/PRATS.png 1630w\" sizes=\"(max-width: 1024px) 100vw, 1024px\" \/><\/h1>\n<\/div>\n<p>&nbsp;<\/p>\n<p>&nbsp;<\/p>\n<p>&nbsp;<\/p>\n<p>&nbsp;<\/p>\n<div class=\"sdm_download_item \"><div class=\"sdm_download_item_top\"><div class=\"sdm_download_thumbnail\"><\/div><div class=\"sdm_download_title\">Programme Prats de Mollo &#8211; Automne 2025<\/div><\/div><div style=\"clear:both;\"><\/div><div class=\"sdm_download_description\"><\/div><div class=\"sdm_download_link\"><span class=\"sdm_download_button\"><a href=\"https:\/\/www.haut-vallespir.fr\/?sdm_process_download=1&download_id=7577\" class=\"sdm_download green\" title=\"Programme Prats de Mollo &#8211; Automne 2025\" target=\"_self\">T\u00e9l\u00e9charger<\/a><\/span><span class=\"sdm_download_item_count\"><span class=\"sdm_item_count_number\">200<\/span><span class=\"sdm_item_count_string\"> T\u00e9l\u00e9chargements<\/span><\/span><\/div><\/div><div class=\"sdm_clear_float\"><\/div>\n<p>&nbsp;<\/p>\n<div class=\"address-name\">\n<p><img loading=\"lazy\" decoding=\"async\" class=\"wp-image-3507 size-large alignleft\" src=\"https:\/\/www.haut-vallespir.fr\/wp-content\/uploads\/2022\/06\/ST-LO-1024x109.png\" alt=\"\" width=\"1024\" height=\"109\" srcset=\"https:\/\/www.haut-vallespir.fr\/wp-content\/uploads\/2022\/06\/ST-LO-1024x109.png 1024w, https:\/\/www.haut-vallespir.fr\/wp-content\/uploads\/2022\/06\/ST-LO-300x32.png 300w, https:\/\/www.haut-vallespir.fr\/wp-content\/uploads\/2022\/06\/ST-LO-768x82.png 768w, https:\/\/www.haut-vallespir.fr\/wp-content\/uploads\/2022\/06\/ST-LO-1536x163.png 1536w, https:\/\/www.haut-vallespir.fr\/wp-content\/uploads\/2022\/06\/ST-LO.png 1630w\" sizes=\"(max-width: 1024px) 100vw, 1024px\" \/><\/p>\n<div class=\"address-name\">\n<p>&nbsp;<\/p>\n<\/div>\n<\/div>\n<p>&nbsp;<\/p>\n<p>&nbsp;<\/p>\n<p>&nbsp;<\/p>\n<div class=\"sdm_download_item \"><div class=\"sdm_download_item_top\"><div class=\"sdm_download_thumbnail\"><\/div><div class=\"sdm_download_title\">Programme Saint Laurent de Cerdans &#8211; Automne 2025<\/div><\/div><div style=\"clear:both;\"><\/div><div class=\"sdm_download_description\"><\/div><div class=\"sdm_download_link\"><span class=\"sdm_download_button\"><a href=\"https:\/\/www.haut-vallespir.fr\/?sdm_process_download=1&download_id=7579\" class=\"sdm_download green\" title=\"Programme Saint Laurent de Cerdans &#8211; Automne 2025\" target=\"_self\">T\u00e9l\u00e9charger<\/a><\/span><span class=\"sdm_download_item_count\"><span class=\"sdm_item_count_number\">225<\/span><span class=\"sdm_item_count_string\"> T\u00e9l\u00e9chargements<\/span><\/span><\/div><\/div><div class=\"sdm_clear_float\"><\/div>\n<p>&nbsp;<\/p>\n<div class=\"address-name\">\n<p><img loading=\"lazy\" decoding=\"async\" class=\"wp-image-3511 size-large alignleft\" src=\"https:\/\/www.haut-vallespir.fr\/wp-content\/uploads\/2022\/06\/ADOS-1024x109.png\" alt=\"\" width=\"1024\" height=\"109\" srcset=\"https:\/\/www.haut-vallespir.fr\/wp-content\/uploads\/2022\/06\/ADOS-1024x109.png 1024w, https:\/\/www.haut-vallespir.fr\/wp-content\/uploads\/2022\/06\/ADOS-300x32.png 300w, https:\/\/www.haut-vallespir.fr\/wp-content\/uploads\/2022\/06\/ADOS-768x82.png 768w, https:\/\/www.haut-vallespir.fr\/wp-content\/uploads\/2022\/06\/ADOS-1536x163.png 1536w, https:\/\/www.haut-vallespir.fr\/wp-content\/uploads\/2022\/06\/ADOS.png 1630w\" sizes=\"(max-width: 1024px) 100vw, 1024px\" \/><\/p>\n<\/div>\n<div class=\"address-name\">\n<p>&nbsp;<\/p>\n<\/div>\n<div class=\"address-name\">\n<p>&nbsp;<\/p>\n<\/div>\n<p>&nbsp;<\/p>\n<p>&nbsp;<\/p>\n<div class=\"sdm_download_item \"><div class=\"sdm_download_item_top\"><div class=\"sdm_download_thumbnail\"><\/div><div class=\"sdm_download_title\">Programme Adolescents &#8211; Automne 2025<\/div><\/div><div style=\"clear:both;\"><\/div><div class=\"sdm_download_description\"><\/div><div class=\"sdm_download_link\"><span class=\"sdm_download_button\"><a href=\"https:\/\/www.haut-vallespir.fr\/?sdm_process_download=1&download_id=7581\" class=\"sdm_download green\" title=\"Programme Adolescents &#8211; Automne 2025\" target=\"_self\">T\u00e9l\u00e9charger<\/a><\/span><span class=\"sdm_download_item_count\"><span class=\"sdm_item_count_number\">204<\/span><span class=\"sdm_item_count_string\"> T\u00e9l\u00e9chargements<\/span><\/span><\/div><\/div><div class=\"sdm_clear_float\"><\/div>\n<p>&nbsp;<\/p>\n","protected":false},"excerpt":{"rendered":"<p>FORMALIT\u00c9S D\u2019INSCRIPTION Toutes les r\u00e9servations se font sur le portail enfance jeunesse de la Communaut\u00e9 de Communes du Haut-Vallespir. Pour les familles qui fr\u00e9quentent r\u00e9guli\u00e8rement la structure votre identifiant et votre mot de passe vous parviendront par mail (v\u00e9rifier les spams). \u00a0\u00a0 Informations : 04 68 87 85 79 \/ 06 47 57 01 18 [&hellip;]<\/p>\n","protected":false},"author":4,"featured_media":0,"parent":0,"menu_order":0,"comment_status":"closed","ping_status":"closed","template":"","meta":{"footnotes":""},"_links":{"self":[{"href":"https:\/\/www.haut-vallespir.fr\/index.php?rest_route=\/wp\/v2\/pages\/3501"}],"collection":[{"href":"https:\/\/www.haut-vallespir.fr\/index.php?rest_route=\/wp\/v2\/pages"}],"about":[{"href":"https:\/\/www.haut-vallespir.fr\/index.php?rest_route=\/wp\/v2\/types\/page"}],"author":[{"embeddable":true,"href":"https:\/\/www.haut-vallespir.fr\/index.php?rest_route=\/wp\/v2\/users\/4"}],"replies":[{"embeddable":true,"href":"https:\/\/www.haut-vallespir.fr\/index.php?rest_route=%2Fwp%2Fv2%2Fcomments&post=3501"}],"version-history":[{"count":156,"href":"https:\/\/www.haut-vallespir.fr\/index.php?rest_route=\/wp\/v2\/pages\/3501\/revisions"}],"predecessor-version":[{"id":7584,"href":"https:\/\/www.haut-vallespir.fr\/index.php?rest_route=\/wp\/v2\/pages\/3501\/revisions\/7584"}],"wp:attachment":[{"href":"https:\/\/www.haut-vallespir.fr\/index.php?rest_route=%2Fwp%2Fv2%2Fmedia&parent=3501"}],"curies":[{"name":"wp","href":"https:\/\/api.w.org\/{rel}","templated":true}]}}