{"id":3425,"date":"2022-05-09T10:30:05","date_gmt":"2022-05-09T09:30:05","guid":{"rendered":"https:\/\/www.haut-vallespir.fr\/?page_id=3425"},"modified":"2024-06-06T12:49:35","modified_gmt":"2024-06-06T11:49:35","slug":"collecte-des-textiles","status":"publish","type":"page","link":"https:\/\/www.haut-vallespir.fr\/?page_id=3425","title":{"rendered":"Collecte des textiles"},"content":{"rendered":"<h1>Collecte des textiles<\/h1>\n<p><strong><em><a href=\"https:\/\/www.haut-vallespir.fr\/wp-content\/uploads\/2022\/05\/20220509_105754-scaled.jpg\"><img loading=\"lazy\" decoding=\"async\" class=\"alignleft wp-image-3426\" src=\"https:\/\/www.haut-vallespir.fr\/wp-content\/uploads\/2022\/05\/20220509_105754-1024x768.jpg\" alt=\"\" width=\"285\" height=\"214\" srcset=\"https:\/\/www.haut-vallespir.fr\/wp-content\/uploads\/2022\/05\/20220509_105754-1024x768.jpg 1024w, https:\/\/www.haut-vallespir.fr\/wp-content\/uploads\/2022\/05\/20220509_105754-300x225.jpg 300w, https:\/\/www.haut-vallespir.fr\/wp-content\/uploads\/2022\/05\/20220509_105754-768x576.jpg 768w, https:\/\/www.haut-vallespir.fr\/wp-content\/uploads\/2022\/05\/20220509_105754-1536x1152.jpg 1536w, https:\/\/www.haut-vallespir.fr\/wp-content\/uploads\/2022\/05\/20220509_105754-2048x1536.jpg 2048w\" sizes=\"(max-width: 285px) 100vw, 285px\" \/><\/a><\/em><\/strong><\/p>\n<p>&nbsp;<\/p>\n<p>&nbsp;<\/p>\n<p>&nbsp;<\/p>\n<p>&nbsp;<\/p>\n<p>&nbsp;<\/p>\n<p>&nbsp;<\/p>\n<h5><strong>Vous ne savez pas o\u00f9 mettre vos vieux v\u00eatements\u00a0?<\/strong><\/h5>\n<p>Vous pouvez d\u00e9poser vos v\u00eatements, vos linges de maison, vos chaussures, vos sacs \u00e0 main et autres articles de maroquinerie dans les bornes adapt\u00e9es. Ils seront ensuite tri\u00e9s puis revendus ou transform\u00e9s.<\/p>\n<p><strong>Pour cela\u00a0:<\/strong><\/p>\n<ul>\n<li>Les v\u00eatements doivent \u00eatre propres et emball\u00e9s dans des sacs en plastique\u00a0;<\/li>\n<li>Les v\u00eatements ne doivent pas avoir servi au bricolage ou \u00eatre salis (si tel est le cas, les jeter dans le bac d\u2019ordures m\u00e9nag\u00e8res)\u00a0;<\/li>\n<li>Attacher les lacets de chaussures par paires afin qu\u2019elles ne se s\u00e9parent pas au moment du tri.<\/li>\n<\/ul>\n<p>Pour conna\u00eetre les bornes les plus pr\u00e8s de chez vous,\u00a0<a href=\"http:\/\/www.lerelais.org\/oudonner.php\" target=\"_blank\" rel=\"noopener\">cliquez ici.<\/a><\/p>\n<p><strong><em>Retrouvez toutes les informations sur\u00a0:\u00a0\u00a0<\/em><\/strong><a href=\"http:\/\/www.sydetom66.fr\/\" target=\"_blank\" rel=\"noopener\"><strong><em>www.sydetom66.fr<\/em><\/strong><\/a> <strong><em>et<\/em><\/strong> <a href=\"http:\/\/www.touslesemballagessetrient.fr\/\" target=\"_blank\" rel=\"noopener\"><strong><em>www.refashion.fr<\/em><\/strong><\/a><strong>\u00a0<\/strong><\/p>\n<p><img loading=\"lazy\" decoding=\"async\" class=\"alignleft size-large wp-image-3432\" src=\"https:\/\/www.haut-vallespir.fr\/wp-content\/uploads\/2022\/05\/guide-textile-sydetom66-2022-Refashion_Page_1-1024x768.jpg\" alt=\"\" width=\"1024\" height=\"768\" srcset=\"https:\/\/www.haut-vallespir.fr\/wp-content\/uploads\/2022\/05\/guide-textile-sydetom66-2022-Refashion_Page_1-1024x768.jpg 1024w, https:\/\/www.haut-vallespir.fr\/wp-content\/uploads\/2022\/05\/guide-textile-sydetom66-2022-Refashion_Page_1-300x225.jpg 300w, https:\/\/www.haut-vallespir.fr\/wp-content\/uploads\/2022\/05\/guide-textile-sydetom66-2022-Refashion_Page_1-768x576.jpg 768w, https:\/\/www.haut-vallespir.fr\/wp-content\/uploads\/2022\/05\/guide-textile-sydetom66-2022-Refashion_Page_1-1536x1151.jpg 1536w, https:\/\/www.haut-vallespir.fr\/wp-content\/uploads\/2022\/05\/guide-textile-sydetom66-2022-Refashion_Page_1-2048x1535.jpg 2048w\" sizes=\"(max-width: 1024px) 100vw, 1024px\" \/><\/p>\n<p><img loading=\"lazy\" decoding=\"async\" class=\"alignleft size-large wp-image-3433\" src=\"https:\/\/www.haut-vallespir.fr\/wp-content\/uploads\/2022\/05\/guide-textile-sydetom66-2022-Refashion_Page_2-1024x768.jpg\" alt=\"\" width=\"1024\" height=\"768\" srcset=\"https:\/\/www.haut-vallespir.fr\/wp-content\/uploads\/2022\/05\/guide-textile-sydetom66-2022-Refashion_Page_2-1024x768.jpg 1024w, https:\/\/www.haut-vallespir.fr\/wp-content\/uploads\/2022\/05\/guide-textile-sydetom66-2022-Refashion_Page_2-300x225.jpg 300w, https:\/\/www.haut-vallespir.fr\/wp-content\/uploads\/2022\/05\/guide-textile-sydetom66-2022-Refashion_Page_2-768x576.jpg 768w, https:\/\/www.haut-vallespir.fr\/wp-content\/uploads\/2022\/05\/guide-textile-sydetom66-2022-Refashion_Page_2-1536x1151.jpg 1536w, https:\/\/www.haut-vallespir.fr\/wp-content\/uploads\/2022\/05\/guide-textile-sydetom66-2022-Refashion_Page_2-2048x1535.jpg 2048w\" sizes=\"(max-width: 1024px) 100vw, 1024px\" \/><\/p>\n<p><img loading=\"lazy\" decoding=\"async\" class=\"alignleft size-large wp-image-3435\" src=\"https:\/\/www.haut-vallespir.fr\/wp-content\/uploads\/2022\/05\/guide-textile-sydetom66-2022-Refashion_Page_3-1024x768.jpg\" alt=\"\" width=\"1024\" height=\"768\" srcset=\"https:\/\/www.haut-vallespir.fr\/wp-content\/uploads\/2022\/05\/guide-textile-sydetom66-2022-Refashion_Page_3-1024x768.jpg 1024w, https:\/\/www.haut-vallespir.fr\/wp-content\/uploads\/2022\/05\/guide-textile-sydetom66-2022-Refashion_Page_3-300x225.jpg 300w, https:\/\/www.haut-vallespir.fr\/wp-content\/uploads\/2022\/05\/guide-textile-sydetom66-2022-Refashion_Page_3-768x576.jpg 768w, https:\/\/www.haut-vallespir.fr\/wp-content\/uploads\/2022\/05\/guide-textile-sydetom66-2022-Refashion_Page_3-1536x1151.jpg 1536w, https:\/\/www.haut-vallespir.fr\/wp-content\/uploads\/2022\/05\/guide-textile-sydetom66-2022-Refashion_Page_3-2048x1535.jpg 2048w\" sizes=\"(max-width: 1024px) 100vw, 1024px\" \/><\/p>\n<p><img loading=\"lazy\" decoding=\"async\" class=\"alignleft size-large wp-image-3438\" src=\"https:\/\/www.haut-vallespir.fr\/wp-content\/uploads\/2022\/05\/guide-textile-sydetom66-2022-Refashion_Page_4-1024x390.jpg\" alt=\"\" width=\"1024\" height=\"390\" srcset=\"https:\/\/www.haut-vallespir.fr\/wp-content\/uploads\/2022\/05\/guide-textile-sydetom66-2022-Refashion_Page_4-1024x390.jpg 1024w, https:\/\/www.haut-vallespir.fr\/wp-content\/uploads\/2022\/05\/guide-textile-sydetom66-2022-Refashion_Page_4-300x114.jpg 300w, https:\/\/www.haut-vallespir.fr\/wp-content\/uploads\/2022\/05\/guide-textile-sydetom66-2022-Refashion_Page_4-768x293.jpg 768w, https:\/\/www.haut-vallespir.fr\/wp-content\/uploads\/2022\/05\/guide-textile-sydetom66-2022-Refashion_Page_4-1536x585.jpg 1536w, https:\/\/www.haut-vallespir.fr\/wp-content\/uploads\/2022\/05\/guide-textile-sydetom66-2022-Refashion_Page_4-2048x780.jpg 2048w\" sizes=\"(max-width: 1024px) 100vw, 1024px\" \/><\/p>\n<p>&nbsp;<\/p>\n<p>&nbsp;<\/p>\n<p><img loading=\"lazy\" decoding=\"async\" class=\"alignleft size-large wp-image-3437\" src=\"https:\/\/www.haut-vallespir.fr\/wp-content\/uploads\/2022\/05\/guide-textile-sydetom66-2022-Refashion_Page_6-1024x768.jpg\" alt=\"\" width=\"1024\" height=\"768\" srcset=\"https:\/\/www.haut-vallespir.fr\/wp-content\/uploads\/2022\/05\/guide-textile-sydetom66-2022-Refashion_Page_6-1024x768.jpg 1024w, https:\/\/www.haut-vallespir.fr\/wp-content\/uploads\/2022\/05\/guide-textile-sydetom66-2022-Refashion_Page_6-300x225.jpg 300w, https:\/\/www.haut-vallespir.fr\/wp-content\/uploads\/2022\/05\/guide-textile-sydetom66-2022-Refashion_Page_6-768x576.jpg 768w, https:\/\/www.haut-vallespir.fr\/wp-content\/uploads\/2022\/05\/guide-textile-sydetom66-2022-Refashion_Page_6-1536x1151.jpg 1536w, https:\/\/www.haut-vallespir.fr\/wp-content\/uploads\/2022\/05\/guide-textile-sydetom66-2022-Refashion_Page_6-2048x1535.jpg 2048w\" sizes=\"(max-width: 1024px) 100vw, 1024px\" \/><\/p>\n<p><img loading=\"lazy\" decoding=\"async\" class=\"alignleft size-large wp-image-3436\" src=\"https:\/\/www.haut-vallespir.fr\/wp-content\/uploads\/2022\/05\/guide-textile-sydetom66-2022-Refashion_Page_7-1024x768.jpg\" alt=\"\" width=\"1024\" height=\"768\" srcset=\"https:\/\/www.haut-vallespir.fr\/wp-content\/uploads\/2022\/05\/guide-textile-sydetom66-2022-Refashion_Page_7-1024x768.jpg 1024w, https:\/\/www.haut-vallespir.fr\/wp-content\/uploads\/2022\/05\/guide-textile-sydetom66-2022-Refashion_Page_7-300x225.jpg 300w, https:\/\/www.haut-vallespir.fr\/wp-content\/uploads\/2022\/05\/guide-textile-sydetom66-2022-Refashion_Page_7-768x576.jpg 768w, https:\/\/www.haut-vallespir.fr\/wp-content\/uploads\/2022\/05\/guide-textile-sydetom66-2022-Refashion_Page_7-1536x1151.jpg 1536w, https:\/\/www.haut-vallespir.fr\/wp-content\/uploads\/2022\/05\/guide-textile-sydetom66-2022-Refashion_Page_7-2048x1535.jpg 2048w\" sizes=\"(max-width: 1024px) 100vw, 1024px\" \/><\/p>\n<p>&nbsp;<\/p>\n<p>&nbsp;<\/p>\n","protected":false},"excerpt":{"rendered":"<p>Collecte des textiles &nbsp; &nbsp; &nbsp; &nbsp; &nbsp; &nbsp; Vous ne savez pas o\u00f9 mettre vos vieux v\u00eatements\u00a0? Vous pouvez d\u00e9poser vos v\u00eatements, vos linges de maison, vos chaussures, vos sacs \u00e0 main et autres articles de maroquinerie dans les bornes adapt\u00e9es. Ils seront ensuite tri\u00e9s puis revendus ou transform\u00e9s. Pour cela\u00a0: Les v\u00eatements doivent [&hellip;]<\/p>\n","protected":false},"author":4,"featured_media":0,"parent":0,"menu_order":1,"comment_status":"closed","ping_status":"closed","template":"","meta":{"footnotes":""},"_links":{"self":[{"href":"https:\/\/www.haut-vallespir.fr\/index.php?rest_route=\/wp\/v2\/pages\/3425"}],"collection":[{"href":"https:\/\/www.haut-vallespir.fr\/index.php?rest_route=\/wp\/v2\/pages"}],"about":[{"href":"https:\/\/www.haut-vallespir.fr\/index.php?rest_route=\/wp\/v2\/types\/page"}],"author":[{"embeddable":true,"href":"https:\/\/www.haut-vallespir.fr\/index.php?rest_route=\/wp\/v2\/users\/4"}],"replies":[{"embeddable":true,"href":"https:\/\/www.haut-vallespir.fr\/index.php?rest_route=%2Fwp%2Fv2%2Fcomments&post=3425"}],"version-history":[{"count":10,"href":"https:\/\/www.haut-vallespir.fr\/index.php?rest_route=\/wp\/v2\/pages\/3425\/revisions"}],"predecessor-version":[{"id":5981,"href":"https:\/\/www.haut-vallespir.fr\/index.php?rest_route=\/wp\/v2\/pages\/3425\/revisions\/5981"}],"wp:attachment":[{"href":"https:\/\/www.haut-vallespir.fr\/index.php?rest_route=%2Fwp%2Fv2%2Fmedia&parent=3425"}],"curies":[{"name":"wp","href":"https:\/\/api.w.org\/{rel}","templated":true}]}}