{"id":3366,"date":"2022-03-25T11:41:19","date_gmt":"2022-03-25T10:41:19","guid":{"rendered":"https:\/\/www.haut-vallespir.fr\/?page_id=3366"},"modified":"2022-03-30T08:10:29","modified_gmt":"2022-03-30T07:10:29","slug":"urbanisme","status":"publish","type":"page","link":"https:\/\/www.haut-vallespir.fr\/?page_id=3366","title":{"rendered":"Urbanisme"},"content":{"rendered":"<p style=\"text-align: center;\">Le Service Urbanisme intercommunautaire est mutualis\u00e9 entre les Communaut\u00e9s des Communes du Haut Vallespir et du Vallespir.<\/p>\n<p style=\"text-align: none;\">Depuis le 1er juillet 2015, il traite certains actes d\u2019urbanisme pour 8 communes du Haut Vallespir (Am\u00e9lie-les-Bains-Palada, Arles-sur-Tech, Montbolo, Montferrer, Prats-de-Mollo-La-Preste, Saint-Laurent-de-Cerdans, Seralongue et Taulis) et pour 8 communes du Vallespir (Le Boulou, C\u00e9ret, Les Cluses, Maureillas-Las-Illas, Reyn\u00e8s, Saint-Jean-Pla-de-Corts, Taillet et Viv\u00e8s).<\/p>\n<a\n\thref=\"https:\/\/vallespir.geosphere.fr\/guichet-unique\"\n\ttarget=\"_blank\"\tid=\"ait-sc-button-1\"\n\tclass=\"ait-sc-button alignright  buticon-left    \"\n\tstyle=\"width:250px;background-color:#4588d3; border-color:#4588d3;\"\n>\n\t<span class=\"container\">\n\t\t<span class=\"wrap\">\n\n\t\t\t\t\t\t\t\t\t\t\t\t<span class=\"icon\" style=\"text-align:right;\">\n\t\t\t\t\t\t<i class=\"fa fa-file-o\" style=\"color: #ffffff;\"><\/i>\n\t\t\t\t\t<\/span>\n\t\t\t\t\t\t\t\n\t\t\t\t\t\t<span class=\"text\" style=\"text-align:right;\">\n\t\t\t\t\t\t\t\t<span class=\"title\" style=\"color:#ffffff;\">\n\t\t\t\t\tJe d\u00e9pose en ligne un dossier d&#039;autorisation d&#039;urbanisme\t\t\t\t<\/span>\n\t\t\t\t\t\t\t\t\t\t\t\t<span class=\"description\" style=\"color:#bab9b9;\">\n\t\t\t\t\tsur les communes instruites par le service Urbanisme\t\t\t\t<\/span>\n\t\t\t\t\t\t\t<\/span>\n\t\t\t\n\t\t\t\t\t\t\t\t\t\t\t\t<\/span>\n\t<\/span>\n<\/a>\n\n<div id=\"attachment_3369\" style=\"width: 1034px\" class=\"wp-caption alignleft\"><a href=\"https:\/\/www.haut-vallespir.fr\/wp-content\/uploads\/2022\/03\/Instruction-du-droit-des-sols-en-Haut-Vallespir-et-Vallespir.png\"><img loading=\"lazy\" decoding=\"async\" aria-describedby=\"caption-attachment-3369\" class=\"wp-image-3369 size-large\" src=\"https:\/\/www.haut-vallespir.fr\/wp-content\/uploads\/2022\/03\/Instruction-du-droit-des-sols-en-Haut-Vallespir-et-Vallespir-1024x724.png\" alt=\"\" width=\"1024\" height=\"724\" srcset=\"https:\/\/www.haut-vallespir.fr\/wp-content\/uploads\/2022\/03\/Instruction-du-droit-des-sols-en-Haut-Vallespir-et-Vallespir-1024x724.png 1024w, https:\/\/www.haut-vallespir.fr\/wp-content\/uploads\/2022\/03\/Instruction-du-droit-des-sols-en-Haut-Vallespir-et-Vallespir-300x212.png 300w, https:\/\/www.haut-vallespir.fr\/wp-content\/uploads\/2022\/03\/Instruction-du-droit-des-sols-en-Haut-Vallespir-et-Vallespir-768x543.png 768w, https:\/\/www.haut-vallespir.fr\/wp-content\/uploads\/2022\/03\/Instruction-du-droit-des-sols-en-Haut-Vallespir-et-Vallespir-1536x1086.png 1536w, https:\/\/www.haut-vallespir.fr\/wp-content\/uploads\/2022\/03\/Instruction-du-droit-des-sols-en-Haut-Vallespir-et-Vallespir-2048x1448.png 2048w\" sizes=\"(max-width: 1024px) 100vw, 1024px\" \/><\/a><p id=\"caption-attachment-3369\" class=\"wp-caption-text\">Territoires de comp\u00e9tences des services instructeurs en Haut Vallespir et Vallespir<\/p><\/div>\n","protected":false},"excerpt":{"rendered":"<p>Le Service Urbanisme intercommunautaire est mutualis\u00e9 entre les Communaut\u00e9s des Communes du Haut Vallespir et du Vallespir. Depuis le 1er juillet 2015, il traite certains actes d\u2019urbanisme pour 8 communes du Haut Vallespir (Am\u00e9lie-les-Bains-Palada, Arles-sur-Tech, Montbolo, Montferrer, Prats-de-Mollo-La-Preste, Saint-Laurent-de-Cerdans, Seralongue et Taulis) et pour 8 communes du Vallespir (Le Boulou, C\u00e9ret, Les Cluses, Maureillas-Las-Illas, Reyn\u00e8s, [&hellip;]<\/p>\n","protected":false},"author":4,"featured_media":0,"parent":0,"menu_order":2,"comment_status":"closed","ping_status":"closed","template":"","meta":{"footnotes":""},"_links":{"self":[{"href":"https:\/\/www.haut-vallespir.fr\/index.php?rest_route=\/wp\/v2\/pages\/3366"}],"collection":[{"href":"https:\/\/www.haut-vallespir.fr\/index.php?rest_route=\/wp\/v2\/pages"}],"about":[{"href":"https:\/\/www.haut-vallespir.fr\/index.php?rest_route=\/wp\/v2\/types\/page"}],"author":[{"embeddable":true,"href":"https:\/\/www.haut-vallespir.fr\/index.php?rest_route=\/wp\/v2\/users\/4"}],"replies":[{"embeddable":true,"href":"https:\/\/www.haut-vallespir.fr\/index.php?rest_route=%2Fwp%2Fv2%2Fcomments&post=3366"}],"version-history":[{"count":7,"href":"https:\/\/www.haut-vallespir.fr\/index.php?rest_route=\/wp\/v2\/pages\/3366\/revisions"}],"predecessor-version":[{"id":3387,"href":"https:\/\/www.haut-vallespir.fr\/index.php?rest_route=\/wp\/v2\/pages\/3366\/revisions\/3387"}],"wp:attachment":[{"href":"https:\/\/www.haut-vallespir.fr\/index.php?rest_route=%2Fwp%2Fv2%2Fmedia&parent=3366"}],"curies":[{"name":"wp","href":"https:\/\/api.w.org\/{rel}","templated":true}]}}