{"id":3308,"date":"2022-03-07T09:45:48","date_gmt":"2022-03-07T08:45:48","guid":{"rendered":"https:\/\/www.haut-vallespir.fr\/?page_id=3308"},"modified":"2025-04-16T09:47:36","modified_gmt":"2025-04-16T08:47:36","slug":"dechets-dactivites-de-soins-a-risques-infectieux-dasri","status":"publish","type":"page","link":"https:\/\/www.haut-vallespir.fr\/?page_id=3308","title":{"rendered":"D\u00e9chets d\u2019Activit\u00e9s de Soins \u00e0 Risques Infectieux (DASRI)"},"content":{"rendered":"<p><img loading=\"lazy\" decoding=\"async\" class=\" wp-image-3219 alignleft\" src=\"https:\/\/www.haut-vallespir.fr\/wp-content\/uploads\/2022\/02\/DASRI-2-en-vrac-1-211x300.jpg\" alt=\"\" width=\"319\" height=\"454\" srcset=\"https:\/\/www.haut-vallespir.fr\/wp-content\/uploads\/2022\/02\/DASRI-2-en-vrac-1-211x300.jpg 211w, https:\/\/www.haut-vallespir.fr\/wp-content\/uploads\/2022\/02\/DASRI-2-en-vrac-1-719x1024.jpg 719w, https:\/\/www.haut-vallespir.fr\/wp-content\/uploads\/2022\/02\/DASRI-2-en-vrac-1-768x1094.jpg 768w, https:\/\/www.haut-vallespir.fr\/wp-content\/uploads\/2022\/02\/DASRI-2-en-vrac-1-1078x1536.jpg 1078w, https:\/\/www.haut-vallespir.fr\/wp-content\/uploads\/2022\/02\/DASRI-2-en-vrac-1-1437x2048.jpg 1437w, https:\/\/www.haut-vallespir.fr\/wp-content\/uploads\/2022\/02\/DASRI-2-en-vrac-1-scaled.jpg 1797w\" sizes=\"(max-width: 319px) 100vw, 319px\" \/><img loading=\"lazy\" decoding=\"async\" class=\" wp-image-3220 alignleft\" src=\"https:\/\/www.haut-vallespir.fr\/wp-content\/uploads\/2022\/02\/DASRI-1-copie-1-211x300.jpg\" alt=\"\" width=\"322\" height=\"458\" srcset=\"https:\/\/www.haut-vallespir.fr\/wp-content\/uploads\/2022\/02\/DASRI-1-copie-1-211x300.jpg 211w, https:\/\/www.haut-vallespir.fr\/wp-content\/uploads\/2022\/02\/DASRI-1-copie-1-719x1024.jpg 719w, https:\/\/www.haut-vallespir.fr\/wp-content\/uploads\/2022\/02\/DASRI-1-copie-1-768x1094.jpg 768w, https:\/\/www.haut-vallespir.fr\/wp-content\/uploads\/2022\/02\/DASRI-1-copie-1-1078x1536.jpg 1078w, https:\/\/www.haut-vallespir.fr\/wp-content\/uploads\/2022\/02\/DASRI-1-copie-1-1437x2048.jpg 1437w, https:\/\/www.haut-vallespir.fr\/wp-content\/uploads\/2022\/02\/DASRI-1-copie-1-scaled.jpg 1797w\" sizes=\"(max-width: 322px) 100vw, 322px\" \/><\/p>\n<p>&nbsp;<\/p>\n<p>&nbsp;<\/p>\n<p>&nbsp;<\/p>\n<p>&nbsp;<\/p>\n<p>&nbsp;<\/p>\n<p>&nbsp;<\/p>\n<p>&nbsp;<\/p>\n<p>&nbsp;<\/p>\n<p>&nbsp;<\/p>\n<p>&nbsp;<\/p>\n<p>&nbsp;<\/p>\n<h6><strong>Vos d\u00e9chets de soins ne doivent pas \u00eatre jet\u00e9s dans les poubelles de tri s\u00e9lectif !<\/strong><\/h6>\n<p>Les Patients en Auto-Traitement doivent <strong>r\u00e9cup\u00e9rer gratuitement<\/strong>\u00a0dans toutes les pharmacies, sur pr\u00e9sentation d\u2019une ordonnance,\u00a0<strong>des bo\u00eetes \u00e0 aiguilles<\/strong>\u00a0(bo\u00eetes jaunes \u00e0 couvercle vert), accompagn\u00e9es d\u2019un mode d\u2019emploi. Une fois pleines celles-ci doivent \u00eatre\u00a0<strong>ramen\u00e9es dans les pharmacies \u00ab\u00a0point de collecte\u00a0\u00bb<\/strong>, rep\u00e9rables gr\u00e2ce \u00e0 l\u2019affichette appos\u00e9e sur leur devanture ou sur la carte de g\u00e9olocalisation disponible sur le site internet du <a href=\"https:\/\/infos.sydetom66.fr\/\" target=\"_blank\" rel=\"noopener\">SYDETOM66.<\/a><\/p>\n<p><strong>Les sacs jaunes DASRI\u00a0<\/strong>\u00ab D\u00e9chets d\u2019Activit\u00e9s de Soins \u00e0 Risques Infectieux \u00bb sont destin\u00e9s \u00e0 collecter les d\u00e9chets de soins, gants d\u2019examens, pansements, compresses, cotons souill\u00e9s, <strong>Ils ne doivent, en aucun cas, \u00eatre jet\u00e9s dans les bacs jaunes de tri<\/strong> mais dans les <strong>poubelles d\u2019ordures m\u00e9nag\u00e8res,<\/strong> <strong>dans un sac neutre (sans aucun logo)<\/strong>, afin d\u2019\u00eatre <strong>incin\u00e9r\u00e9s pour des raisons de s\u00e9curit\u00e9.<\/strong><\/p>\n<p><strong>En 2018, <\/strong>la pr\u00e9sence <strong>d\u2019aiguilles et de d\u00e9chets souill\u00e9s <\/strong>sur les tapis de tri \u00e0 Calce ont caus\u00e9 \u00e0 eux seuls <strong>5000 arr\u00eats de la chaine de tri <\/strong>(48 jours perdus et 200 000 \u20ac de pertes d\u2019exploitation) et expos\u00e9 les agents \u00e0 des <strong>risques graves de contamination. <\/strong><\/p>\n<p>Sur la Communaut\u00e9 de Communes du Haut Vallespir, 5 pharmacies collectent les boites pleines :<\/p>\n<ul>\n<li>La pharmacie du Carreau \u2013 6 boulevard de Las Indis\u00a0 \u2013 66150 ARLES SUR TECH<\/li>\n<li>La pharmacie du Tech \u2013 36 Bd de la Petite Provence \u2013 66110 AMELIE LES BAINS<\/li>\n<li>La pharmacie du Mondony \u2013 4 Av. du Dr Bouix \u2013 66110 AMELIE LES BAINS<\/li>\n<li>La farm\u00e0cia de la Vall Verda \u2013 2 Rue Pasteur \u2013 66260 SAINT LAURENT DE CERDANS<\/li>\n<li>La pharmacie Burcet \u2013 Rue el Firal Le Foiral \u2013 66260 PRATS DE MOLLO<\/li>\n<\/ul>\n<p>Ces DASRI suivront ensuite un circuit d\u2019\u00e9limination, s\u00e9curis\u00e9 et isol\u00e9 du traitement des ordures m\u00e9nag\u00e8res, afin d\u2019\u00e9viter tout risque de contact des agents de collecte et de traitement avec du mat\u00e9riel usag\u00e9 ou des pathog\u00e8nes.<\/p>\n<p>Il est strictement interdit de jeter les DASRI dans les containers d\u2019ordures m\u00e9nag\u00e8res ou de tri.<\/p>\n<p><strong>PLUS D\u2019INFOS : <\/strong><a href=\"http:\/\/www.dastri.fr\" target=\"_blank\" rel=\"noopener\"><strong>www.dastri.fr<\/strong><\/a><\/p>\n<p>&nbsp;<\/p>\n<p>&nbsp;<\/p>\n<p>&nbsp;<\/p>\n<p>&nbsp;<\/p>\n<p>&nbsp;<\/p>\n<p>&nbsp;<\/p>\n<p>&nbsp;<\/p>\n","protected":false},"excerpt":{"rendered":"<p>&nbsp; &nbsp; &nbsp; &nbsp; &nbsp; &nbsp; &nbsp; &nbsp; &nbsp; &nbsp; &nbsp; Vos d\u00e9chets de soins ne doivent pas \u00eatre jet\u00e9s dans les poubelles de tri s\u00e9lectif ! Les Patients en Auto-Traitement doivent r\u00e9cup\u00e9rer gratuitement\u00a0dans toutes les pharmacies, sur pr\u00e9sentation d\u2019une ordonnance,\u00a0des bo\u00eetes \u00e0 aiguilles\u00a0(bo\u00eetes jaunes \u00e0 couvercle vert), accompagn\u00e9es d\u2019un mode d\u2019emploi. Une fois pleines [&hellip;]<\/p>\n","protected":false},"author":4,"featured_media":0,"parent":0,"menu_order":4,"comment_status":"closed","ping_status":"closed","template":"","meta":{"footnotes":""},"_links":{"self":[{"href":"https:\/\/www.haut-vallespir.fr\/index.php?rest_route=\/wp\/v2\/pages\/3308"}],"collection":[{"href":"https:\/\/www.haut-vallespir.fr\/index.php?rest_route=\/wp\/v2\/pages"}],"about":[{"href":"https:\/\/www.haut-vallespir.fr\/index.php?rest_route=\/wp\/v2\/types\/page"}],"author":[{"embeddable":true,"href":"https:\/\/www.haut-vallespir.fr\/index.php?rest_route=\/wp\/v2\/users\/4"}],"replies":[{"embeddable":true,"href":"https:\/\/www.haut-vallespir.fr\/index.php?rest_route=%2Fwp%2Fv2%2Fcomments&post=3308"}],"version-history":[{"count":14,"href":"https:\/\/www.haut-vallespir.fr\/index.php?rest_route=\/wp\/v2\/pages\/3308\/revisions"}],"predecessor-version":[{"id":7154,"href":"https:\/\/www.haut-vallespir.fr\/index.php?rest_route=\/wp\/v2\/pages\/3308\/revisions\/7154"}],"wp:attachment":[{"href":"https:\/\/www.haut-vallespir.fr\/index.php?rest_route=%2Fwp%2Fv2%2Fmedia&parent=3308"}],"curies":[{"name":"wp","href":"https:\/\/api.w.org\/{rel}","templated":true}]}}