{"id":2832,"date":"2021-11-18T17:15:45","date_gmt":"2021-11-18T16:15:45","guid":{"rendered":"https:\/\/www.haut-vallespir.fr\/?page_id=2832"},"modified":"2021-11-18T18:10:37","modified_gmt":"2021-11-18T17:10:37","slug":"plu-serralongue-2","status":"publish","type":"page","link":"https:\/\/www.haut-vallespir.fr\/?page_id=2832","title":{"rendered":"PLU Serralongue"},"content":{"rendered":"<p align=\"center\"><img loading=\"lazy\" decoding=\"async\" class=\"alignnone size-medium wp-image-243\" src=\"https:\/\/www.haut-vallespir.fr\/wp-content\/uploads\/2017\/12\/CCHV-V2-cmjn-horizontal-300x104.png\" alt=\"Communaut\u00e9 de Communes du Haut Vallespir\" width=\"300\" height=\"104\" srcset=\"https:\/\/www.haut-vallespir.fr\/wp-content\/uploads\/2017\/12\/CCHV-V2-cmjn-horizontal-300x104.png 300w, https:\/\/www.haut-vallespir.fr\/wp-content\/uploads\/2017\/12\/CCHV-V2-cmjn-horizontal.png 567w\" sizes=\"(max-width: 300px) 100vw, 300px\" \/><\/p>\n<p class=\"v1MsoNormal\" align=\"center\"><b>C<\/b><b>onsultation des Personnes Publiques\u00a0 Associ\u00e9es\u00a0 dans le cadre de la proc\u00e9dure du second arr\u00eat du Plan Local d\u2019Urbanisme de la commune de Serralongue.<\/b><b><\/b><\/p>\n<p class=\"v1MsoNormal\" align=\"center\">Cette consultation se d\u00e9roulera du <b>17 novembre 2021 au 18 f\u00e9vrier 2022<\/b><\/p>\n<p class=\"v1MsoNormal\" align=\"center\">Le Pr\u00e9sident<\/p>\n<p class=\"v1MsoNormal\" align=\"center\">Claude FERRER<\/p>\n<p class=\"v1MsoNormal\" align=\"center\">Le dossier est consultable via le lien ci-dessous\u00a0:<\/p>\n<p style=\"text-align: center;\">\n<a  data-e-Disable-Page-Transition=\"true\" class=\"download-link download-button aligncenter\" title=\"\" href=\"https:\/\/www.haut-vallespir.fr?download=2860&tmstv=1775461412\" rel=\"nofollow\" id=\"download-link-2860\" >\n\t<p>\n\t\tT\u00e9l\u00e9charger &ldquo;168-2021-1.pdf&rdquo;\t<\/p>\n\t<small>168-2021-1.pdf\t\t&ndash; T\u00e9l\u00e9charg\u00e9 713 fois\t\t&ndash; 1,25 Mo<\/small>\n<\/a>\n\n<a  data-e-Disable-Page-Transition=\"true\" class=\"download-link download-button aligncenter\" title=\"\" href=\"https:\/\/www.haut-vallespir.fr?download=2869&tmstv=1775461412\" rel=\"nofollow\" id=\"download-link-2869\" >\n\t<p>\n\t\tT\u00e9l\u00e9charger &ldquo;plu_serralongue-Copie.zip&rdquo;\t<\/p>\n\t<small>plu_serralongue-Copie.zip\t\t&ndash; T\u00e9l\u00e9charg\u00e9 378 fois\t\t&ndash; 84,54 Mo<\/small>\n<\/a>\n\n<a  data-e-Disable-Page-Transition=\"true\" class=\"download-link download-button aligncenter\" title=\"\" href=\"https:\/\/www.haut-vallespir.fr?download=2866&tmstv=1775461412\" rel=\"nofollow\" id=\"download-link-2866\" >\n\t<p>\n\t\tT\u00e9l\u00e9charger &ldquo;Bilan-de-concertation-copie-1.zip&rdquo;\t<\/p>\n\t<small>Bilan-de-concertation-copie-1.zip\t\t&ndash; T\u00e9l\u00e9charg\u00e9 560 fois\t\t&ndash; 13,02 Mo<\/small>\n<\/a>\n<\/p>\n","protected":false},"excerpt":{"rendered":"<p>Consultation des Personnes Publiques\u00a0 Associ\u00e9es\u00a0 dans le cadre de la proc\u00e9dure du second arr\u00eat du Plan Local d\u2019Urbanisme de la commune de Serralongue. Cette consultation se d\u00e9roulera du 17 novembre 2021 au 18 f\u00e9vrier 2022 Le Pr\u00e9sident Claude FERRER Le dossier est consultable via le lien ci-dessous\u00a0:<\/p>\n","protected":false},"author":9,"featured_media":0,"parent":0,"menu_order":7,"comment_status":"closed","ping_status":"closed","template":"","meta":{"footnotes":""},"_links":{"self":[{"href":"https:\/\/www.haut-vallespir.fr\/index.php?rest_route=\/wp\/v2\/pages\/2832"}],"collection":[{"href":"https:\/\/www.haut-vallespir.fr\/index.php?rest_route=\/wp\/v2\/pages"}],"about":[{"href":"https:\/\/www.haut-vallespir.fr\/index.php?rest_route=\/wp\/v2\/types\/page"}],"author":[{"embeddable":true,"href":"https:\/\/www.haut-vallespir.fr\/index.php?rest_route=\/wp\/v2\/users\/9"}],"replies":[{"embeddable":true,"href":"https:\/\/www.haut-vallespir.fr\/index.php?rest_route=%2Fwp%2Fv2%2Fcomments&post=2832"}],"version-history":[{"count":4,"href":"https:\/\/www.haut-vallespir.fr\/index.php?rest_route=\/wp\/v2\/pages\/2832\/revisions"}],"predecessor-version":[{"id":2871,"href":"https:\/\/www.haut-vallespir.fr\/index.php?rest_route=\/wp\/v2\/pages\/2832\/revisions\/2871"}],"wp:attachment":[{"href":"https:\/\/www.haut-vallespir.fr\/index.php?rest_route=%2Fwp%2Fv2%2Fmedia&parent=2832"}],"curies":[{"name":"wp","href":"https:\/\/api.w.org\/{rel}","templated":true}]}}