{"id":2492,"date":"2021-02-24T15:15:02","date_gmt":"2021-02-24T14:15:02","guid":{"rendered":"https:\/\/www.haut-vallespir.fr\/?page_id=2492"},"modified":"2025-06-30T11:43:54","modified_gmt":"2025-06-30T10:43:54","slug":"eau-et-assainissement","status":"publish","type":"page","link":"https:\/\/www.haut-vallespir.fr\/?page_id=2492","title":{"rendered":"Eau et assainissement"},"content":{"rendered":"<p style=\"text-align: center;\">Depuis le 1 janvier 2020, les communes du Haut Vallespir ont transf\u00e9r\u00e9 les comp\u00e9tences Eau potable et Assainissement \u00e0 la Communaut\u00e9 de Communes du Haut Vallespir (CCHV).<\/p>\n<div id=\"attachment_2801\" style=\"width: 160px\" class=\"wp-caption alignright\"><img loading=\"lazy\" decoding=\"async\" aria-describedby=\"caption-attachment-2801\" class=\"wp-image-2801 size-thumbnail\" src=\"https:\/\/www.haut-vallespir.fr\/wp-content\/uploads\/2021\/09\/QRC-Declaration-index-150x150.png\" alt=\"\" width=\"150\" height=\"150\" srcset=\"https:\/\/www.haut-vallespir.fr\/wp-content\/uploads\/2021\/09\/QRC-Declaration-index-150x150.png 150w, https:\/\/www.haut-vallespir.fr\/wp-content\/uploads\/2021\/09\/QRC-Declaration-index-300x300.png 300w, https:\/\/www.haut-vallespir.fr\/wp-content\/uploads\/2021\/09\/QRC-Declaration-index.png 632w\" sizes=\"(max-width: 150px) 100vw, 150px\" \/><p id=\"caption-attachment-2801\" class=\"wp-caption-text\">Scannez ce QR Code pour d\u00e9clarer votre index<\/p><\/div>\n<a\n\thref=\"https:\/\/arcg.is\/Pb9be\"\n\ttarget=\"_blank\"\tid=\"ait-sc-button-1\"\n\tclass=\"ait-sc-button alignleft  buticon-left    \"\n\tstyle=\"width:250px;background-color:#4588d3; border-color:#4588d3;\"\n>\n\t<span class=\"container\">\n\t\t<span class=\"wrap\">\n\n\t\t\t\t\t\t\t\t\t\t\t\t<span class=\"icon\" style=\"text-align:right;\">\n\t\t\t\t\t\t<i class=\"fa fa-file-text\" style=\"color: #ffffff;\"><\/i>\n\t\t\t\t\t<\/span>\n\t\t\t\t\t\t\t\n\t\t\t\t\t\t<span class=\"text\" style=\"text-align:right;\">\n\t\t\t\t\t\t\t\t<span class=\"title\" style=\"color:#ffffff;\">\n\t\t\t\t\tD\u00e9clarer son index\t\t\t\t<\/span>\n\t\t\t\t\t\t\t\t\t\t\t\t<span class=\"description\" style=\"color:#bab9b9;\">\n\t\t\t\t\tD\u00e9claration de confiance de son index compteur\t\t\t\t<\/span>\n\t\t\t\t\t\t\t<\/span>\n\t\t\t\n\t\t\t\t\t\t\t\t\t\t\t\t<\/span>\n\t<\/span>\n<\/a>\n\n<a\n\thref=\"https:\/\/arcg.is\/0CrbOH\"\n\ttarget=\"_blank\"\tid=\"ait-sc-button-2\"\n\tclass=\"ait-sc-button alignleft  buticon-left    \"\n\tstyle=\"width:250px;background-color:#4588d3; border-color:#4588d3;\"\n>\n\t<span class=\"container\">\n\t\t<span class=\"wrap\">\n\n\t\t\t\t\t\t\t\t\t\t\t\t<span class=\"icon\" style=\"text-align:right;\">\n\t\t\t\t\t\t<i class=\"fa fa-file-text\" style=\"color: #ffffff;\"><\/i>\n\t\t\t\t\t<\/span>\n\t\t\t\t\t\t\t\n\t\t\t\t\t\t<span class=\"text\" style=\"text-align:right;\">\n\t\t\t\t\t\t\t\t<span class=\"title\" style=\"color:#ffffff;\">\n\t\t\t\t\tFormulaire d&#039;abonnement\t\t\t\t<\/span>\n\t\t\t\t\t\t\t\t\t\t\t\t<span class=\"description\" style=\"color:#bab9b9;\">\n\t\t\t\t\tSouscrire en ligne\t\t\t\t<\/span>\n\t\t\t\t\t\t\t<\/span>\n\t\t\t\n\t\t\t\t\t\t\t\t\t\t\t\t<\/span>\n\t<\/span>\n<\/a>\n\n<a\n\thref=\"https:\/\/arcg.is\/zazy4\"\n\ttarget=\"_blank\"\tid=\"ait-sc-button-3\"\n\tclass=\"ait-sc-button alignleft  buticon-left    \"\n\tstyle=\"width:250px;background-color:#4588d3; border-color:#4588d3;\"\n>\n\t<span class=\"container\">\n\t\t<span class=\"wrap\">\n\n\t\t\t\t\t\t\t\t\t\t\t\t<span class=\"icon\" style=\"text-align:right;\">\n\t\t\t\t\t\t<i class=\"fa fa-file-text\" style=\"color: #ffffff;\"><\/i>\n\t\t\t\t\t<\/span>\n\t\t\t\t\t\t\t\n\t\t\t\t\t\t<span class=\"text\" style=\"text-align:right;\">\n\t\t\t\t\t\t\t\t<span class=\"title\" style=\"color:#ffffff;\">\n\t\t\t\t\tFormulaire de r\u00e9siliation\t\t\t\t<\/span>\n\t\t\t\t\t\t\t\t\t\t\t\t<span class=\"description\" style=\"color:#bab9b9;\">\n\t\t\t\t\tR\u00e9silier en ligne\t\t\t\t<\/span>\n\t\t\t\t\t\t\t<\/span>\n\t\t\t\n\t\t\t\t\t\t\t\t\t\t\t\t<\/span>\n\t<\/span>\n<\/a>\n\n<p>&nbsp;<\/p>\n<p>&nbsp;<\/p>\n","protected":false},"excerpt":{"rendered":"<p>Depuis le 1 janvier 2020, les communes du Haut Vallespir ont transf\u00e9r\u00e9 les comp\u00e9tences Eau potable et Assainissement \u00e0 la Communaut\u00e9 de Communes du Haut Vallespir (CCHV). &nbsp; &nbsp;<\/p>\n","protected":false},"author":2,"featured_media":0,"parent":0,"menu_order":12,"comment_status":"closed","ping_status":"closed","template":"","meta":{"footnotes":""},"_links":{"self":[{"href":"https:\/\/www.haut-vallespir.fr\/index.php?rest_route=\/wp\/v2\/pages\/2492"}],"collection":[{"href":"https:\/\/www.haut-vallespir.fr\/index.php?rest_route=\/wp\/v2\/pages"}],"about":[{"href":"https:\/\/www.haut-vallespir.fr\/index.php?rest_route=\/wp\/v2\/types\/page"}],"author":[{"embeddable":true,"href":"https:\/\/www.haut-vallespir.fr\/index.php?rest_route=\/wp\/v2\/users\/2"}],"replies":[{"embeddable":true,"href":"https:\/\/www.haut-vallespir.fr\/index.php?rest_route=%2Fwp%2Fv2%2Fcomments&post=2492"}],"version-history":[{"count":20,"href":"https:\/\/www.haut-vallespir.fr\/index.php?rest_route=\/wp\/v2\/pages\/2492\/revisions"}],"predecessor-version":[{"id":7431,"href":"https:\/\/www.haut-vallespir.fr\/index.php?rest_route=\/wp\/v2\/pages\/2492\/revisions\/7431"}],"wp:attachment":[{"href":"https:\/\/www.haut-vallespir.fr\/index.php?rest_route=%2Fwp%2Fv2%2Fmedia&parent=2492"}],"curies":[{"name":"wp","href":"https:\/\/api.w.org\/{rel}","templated":true}]}}