{"id":234,"date":"2017-12-06T13:57:33","date_gmt":"2017-12-06T12:57:33","guid":{"rendered":"https:\/\/www.haut-vallespir.fr\/?page_id=234"},"modified":"2021-04-06T12:19:22","modified_gmt":"2021-04-06T11:19:22","slug":"presentation-de-la-communaute-de-communes-du-haut-vallespir","status":"publish","type":"page","link":"https:\/\/www.haut-vallespir.fr\/?page_id=234","title":{"rendered":"Pr\u00e9sentation de la Communaut\u00e9 de Communes du Haut Vallespir"},"content":{"rendered":"<h2>La Communaut\u00e9 de Communes du Haut Vallespir regroupe 14 communes du Canton du Canigou, et compte moins de 10 000 habitants<\/h2>\n<h2><\/h2>\n<h2><small id=\"mapsvg-shortcode\"><div id=\"mapsvg-238\" class=\"mapsvg\"><\/div><\/small><\/h2>\n","protected":false},"excerpt":{"rendered":"<p>La Communaut\u00e9 de Communes du Haut Vallespir regroupe 14 communes du Canton du Canigou, et compte moins de 10 000 habitants<\/p>\n","protected":false},"author":2,"featured_media":0,"parent":0,"menu_order":23,"comment_status":"closed","ping_status":"closed","template":"","meta":{"footnotes":""},"_links":{"self":[{"href":"https:\/\/www.haut-vallespir.fr\/index.php?rest_route=\/wp\/v2\/pages\/234"}],"collection":[{"href":"https:\/\/www.haut-vallespir.fr\/index.php?rest_route=\/wp\/v2\/pages"}],"about":[{"href":"https:\/\/www.haut-vallespir.fr\/index.php?rest_route=\/wp\/v2\/types\/page"}],"author":[{"embeddable":true,"href":"https:\/\/www.haut-vallespir.fr\/index.php?rest_route=\/wp\/v2\/users\/2"}],"replies":[{"embeddable":true,"href":"https:\/\/www.haut-vallespir.fr\/index.php?rest_route=%2Fwp%2Fv2%2Fcomments&post=234"}],"version-history":[{"count":9,"href":"https:\/\/www.haut-vallespir.fr\/index.php?rest_route=\/wp\/v2\/pages\/234\/revisions"}],"predecessor-version":[{"id":2766,"href":"https:\/\/www.haut-vallespir.fr\/index.php?rest_route=\/wp\/v2\/pages\/234\/revisions\/2766"}],"wp:attachment":[{"href":"https:\/\/www.haut-vallespir.fr\/index.php?rest_route=%2Fwp%2Fv2%2Fmedia&parent=234"}],"curies":[{"name":"wp","href":"https:\/\/api.w.org\/{rel}","templated":true}]}}