{"id":128,"date":"2017-11-10T16:05:53","date_gmt":"2017-11-10T15:05:53","guid":{"rendered":"https:\/\/www.haut-vallespir.fr\/?page_id=128"},"modified":"2017-11-10T16:10:57","modified_gmt":"2017-11-10T15:10:57","slug":"mediatheques","status":"publish","type":"page","link":"https:\/\/www.haut-vallespir.fr\/?page_id=128","title":{"rendered":"M\u00e9diath\u00e8ques"},"content":{"rendered":"<h1>Les M\u00e9diath\u00e8ques intercommunales<\/h1>\n","protected":false},"excerpt":{"rendered":"<p>Les M\u00e9diath\u00e8ques intercommunales<\/p>\n","protected":false},"author":2,"featured_media":0,"parent":119,"menu_order":30,"comment_status":"closed","ping_status":"closed","template":"","meta":{"footnotes":""},"_links":{"self":[{"href":"https:\/\/www.haut-vallespir.fr\/index.php?rest_route=\/wp\/v2\/pages\/128"}],"collection":[{"href":"https:\/\/www.haut-vallespir.fr\/index.php?rest_route=\/wp\/v2\/pages"}],"about":[{"href":"https:\/\/www.haut-vallespir.fr\/index.php?rest_route=\/wp\/v2\/types\/page"}],"author":[{"embeddable":true,"href":"https:\/\/www.haut-vallespir.fr\/index.php?rest_route=\/wp\/v2\/users\/2"}],"replies":[{"embeddable":true,"href":"https:\/\/www.haut-vallespir.fr\/index.php?rest_route=%2Fwp%2Fv2%2Fcomments&post=128"}],"version-history":[{"count":3,"href":"https:\/\/www.haut-vallespir.fr\/index.php?rest_route=\/wp\/v2\/pages\/128\/revisions"}],"predecessor-version":[{"id":131,"href":"https:\/\/www.haut-vallespir.fr\/index.php?rest_route=\/wp\/v2\/pages\/128\/revisions\/131"}],"up":[{"embeddable":true,"href":"https:\/\/www.haut-vallespir.fr\/index.php?rest_route=\/wp\/v2\/pages\/119"}],"wp:attachment":[{"href":"https:\/\/www.haut-vallespir.fr\/index.php?rest_route=%2Fwp%2Fv2%2Fmedia&parent=128"}],"curies":[{"name":"wp","href":"https:\/\/api.w.org\/{rel}","templated":true}]}}